{"id":871,"date":"2024-09-13T10:32:45","date_gmt":"2024-09-13T10:32:45","guid":{"rendered":"http:\/\/baymar.eu\/?post_type=product&#038;p=871"},"modified":"2024-09-18T12:40:01","modified_gmt":"2024-09-18T12:40:01","slug":"chili-gesch-o-saat-ext","status":"publish","type":"product","link":"https:\/\/baymar.de\/tr\/urun\/chili-gesch-o-saat-ext","title":{"rendered":"Chili gesch. (o.Saat &#8211; ext.)"},"content":{"rendered":"<div class=\"col-lg-4\">\n<div class=\"prod-d\">\n<h2>\u0130\u00e7indekiler<\/h2>\n<p>Ac\u0131 Biber<\/p>\n<\/div>\n<\/div>\n<div class=\"col-lg-4\">\n<div class=\"prod-l\">\n<h2>100 gram i\u00e7in besin de\u011ferleri<\/h2>\n<table>\n<tbody class=\"energy\">\n<tr>\n<td class=\"xl68\" height=\"20\">Enerji:<\/td>\n<td class=\"xl67\">266 kJ\/1117 kcal<\/td>\n<\/tr>\n<tr>\n<td class=\"xl68\" height=\"20\">Ya\u011f:<\/td>\n<td class=\"xl67\">2 g<\/td>\n<\/tr>\n<tr>\n<td class=\"xl68\" height=\"20\">Doymu\u015f Ya\u011f:<\/td>\n<td class=\"xl67\">0,3 g<\/td>\n<\/tr>\n<tr>\n<td class=\"xl68\" height=\"20\">Karbonhidratlar:<\/td>\n<td class=\"xl67\">48 g<\/td>\n<\/tr>\n<tr>\n<td class=\"xl68\" height=\"20\">\u015eeker:<\/td>\n<td class=\"xl67\">45,9 g<\/td>\n<\/tr>\n<tr>\n<td class=\"xl68\" height=\"20\">Protein:<\/td>\n<td class=\"xl67\">12 g<\/td>\n<\/tr>\n<tr>\n<td class=\"xl68\" height=\"20\">Tuz:<\/td>\n<td class=\"xl67\">0,2 g<\/td>\n<\/tr>\n<\/tbody>\n<\/table>\n<\/div>\n<\/div>","protected":false},"excerpt":{"rendered":"<div class=\"chatbubble left\" data-v-967dc222=\"\"><span class=\"chatbuble-text\" data-v-967dc222=\"\">Raf \u00f6mr\u00fc: 18 ay<\/p>\n<p>Saklama: serin ve kuru, \u0131\u015f\u0131kta korunmu\u015f<\/span><\/div>\n<div data-v-967dc222=\"\"><\/div>","protected":false},"featured_media":873,"template":"","meta":[],"product_cat":[23],"product_tag":[],"class_list":{"0":"post-871","1":"product","2":"type-product","3":"status-publish","4":"has-post-thumbnail","6":"product_cat-gewuerze-und-saaten","8":"first","9":"instock","10":"shipping-taxable","11":"product-type-simple"},"yoast_head":"<!-- This site is optimized with the Yoast SEO plugin v24.0 - https:\/\/yoast.com\/wordpress\/plugins\/seo\/ -->\n<title>Chili gesch. (o.Saat - ext.) - Baymar Gew\u00fcrze<\/title>\n<meta name=\"robots\" content=\"index, follow, max-snippet:-1, max-image-preview:large, max-video-preview:-1\" \/>\n<link rel=\"canonical\" href=\"https:\/\/baymar.de\/tr\/urun\/chili-gesch-o-saat-ext\/\" \/>\n<meta property=\"og:locale\" content=\"tr_TR\" \/>\n<meta property=\"og:type\" content=\"article\" \/>\n<meta property=\"og:title\" content=\"Chili gesch. (o.Saat - ext.) - Baymar Gew\u00fcrze\" \/>\n<meta property=\"og:description\" content=\"Haltbarkeit: 18 Monate  Lagerung: k\u00fchl und trocken, lichtgesch\u00fctzt\" \/>\n<meta property=\"og:url\" content=\"https:\/\/baymar.de\/tr\/urun\/chili-gesch-o-saat-ext\/\" \/>\n<meta property=\"og:site_name\" content=\"Baymar Gew\u00fcrze\" \/>\n<meta property=\"article:publisher\" content=\"https:\/\/www.facebook.com\/baymargewuerze\/?locale=de_DE\" \/>\n<meta property=\"article:modified_time\" content=\"2024-09-18T12:40:01+00:00\" \/>\n<meta property=\"og:image\" content=\"https:\/\/baymar.de\/wp-content\/uploads\/2024\/09\/20536309312002522521CHILLI20OHNE20KERNE1.jpg\" \/>\n\t<meta property=\"og:image:width\" content=\"600\" \/>\n\t<meta property=\"og:image:height\" content=\"600\" \/>\n\t<meta property=\"og:image:type\" content=\"image\/jpeg\" \/>\n<meta name=\"twitter:card\" content=\"summary_large_image\" \/>\n<script type=\"application\/ld+json\" class=\"yoast-schema-graph\">{\"@context\":\"https:\/\/schema.org\",\"@graph\":[{\"@type\":\"WebPage\",\"@id\":\"https:\/\/baymar.de\/produkt\/chili-gesch-o-saat-ext\",\"url\":\"https:\/\/baymar.de\/produkt\/chili-gesch-o-saat-ext\",\"name\":\"Chili gesch. (o.Saat - ext.) - Baymar Gew\u00fcrze\",\"isPartOf\":{\"@id\":\"https:\/\/baymar.de\/#website\"},\"primaryImageOfPage\":{\"@id\":\"https:\/\/baymar.de\/produkt\/chili-gesch-o-saat-ext#primaryimage\"},\"image\":{\"@id\":\"https:\/\/baymar.de\/produkt\/chili-gesch-o-saat-ext#primaryimage\"},\"thumbnailUrl\":\"https:\/\/baymar.de\/wp-content\/uploads\/2024\/09\/20536309312002522521CHILLI20OHNE20KERNE1.jpg\",\"datePublished\":\"2024-09-13T10:32:45+00:00\",\"dateModified\":\"2024-09-18T12:40:01+00:00\",\"breadcrumb\":{\"@id\":\"https:\/\/baymar.de\/produkt\/chili-gesch-o-saat-ext#breadcrumb\"},\"inLanguage\":\"tr\",\"potentialAction\":[{\"@type\":\"ReadAction\",\"target\":[\"https:\/\/baymar.de\/produkt\/chili-gesch-o-saat-ext\"]}]},{\"@type\":\"ImageObject\",\"inLanguage\":\"tr\",\"@id\":\"https:\/\/baymar.de\/produkt\/chili-gesch-o-saat-ext#primaryimage\",\"url\":\"https:\/\/baymar.de\/wp-content\/uploads\/2024\/09\/20536309312002522521CHILLI20OHNE20KERNE1.jpg\",\"contentUrl\":\"https:\/\/baymar.de\/wp-content\/uploads\/2024\/09\/20536309312002522521CHILLI20OHNE20KERNE1.jpg\",\"width\":600,\"height\":600,\"caption\":\"Chili gesch. (o.Saat - ext.)\"},{\"@type\":\"BreadcrumbList\",\"@id\":\"https:\/\/baymar.de\/produkt\/chili-gesch-o-saat-ext#breadcrumb\",\"itemListElement\":[{\"@type\":\"ListItem\",\"position\":1,\"name\":\"Startseite\",\"item\":\"https:\/\/baymar.de\/\"},{\"@type\":\"ListItem\",\"position\":2,\"name\":\"Produkte\",\"item\":\"https:\/\/baymar.de\/produkte-gewuerze-grosspackung-kaufen-baymar-gewuerze\"},{\"@type\":\"ListItem\",\"position\":3,\"name\":\"Chili gesch. (o.Saat &#8211; ext.)\"}]},{\"@type\":\"WebSite\",\"@id\":\"https:\/\/baymar.de\/#website\",\"url\":\"https:\/\/baymar.de\/\",\"name\":\"Baymar Gew\u00fcrze\",\"description\":\"\",\"publisher\":{\"@id\":\"https:\/\/baymar.de\/#organization\"},\"potentialAction\":[{\"@type\":\"SearchAction\",\"target\":{\"@type\":\"EntryPoint\",\"urlTemplate\":\"https:\/\/baymar.de\/?s={search_term_string}\"},\"query-input\":{\"@type\":\"PropertyValueSpecification\",\"valueRequired\":true,\"valueName\":\"search_term_string\"}}],\"inLanguage\":\"tr\"},{\"@type\":\"Organization\",\"@id\":\"https:\/\/baymar.de\/#organization\",\"name\":\"Baymar Gew\u00fcrze GmbH\",\"url\":\"https:\/\/baymar.de\/\",\"logo\":{\"@type\":\"ImageObject\",\"inLanguage\":\"tr\",\"@id\":\"https:\/\/baymar.de\/#\/schema\/logo\/image\/\",\"url\":\"https:\/\/baymar.de\/wp-content\/uploads\/2024\/08\/baymar-logo.png\",\"contentUrl\":\"https:\/\/baymar.de\/wp-content\/uploads\/2024\/08\/baymar-logo.png\",\"width\":300,\"height\":208,\"caption\":\"Baymar Gew\u00fcrze GmbH\"},\"image\":{\"@id\":\"https:\/\/baymar.de\/#\/schema\/logo\/image\/\"},\"sameAs\":[\"https:\/\/www.facebook.com\/baymargewuerze\/?locale=de_DE\",\"https:\/\/www.instagram.com\/baymar_gewuerze\/\"]}]}<\/script>\n<!-- \/ Yoast SEO plugin. -->","yoast_head_json":{"title":"Chili gesch. (o.Saat - ext.) - Baymar Gew\u00fcrze","robots":{"index":"index","follow":"follow","max-snippet":"max-snippet:-1","max-image-preview":"max-image-preview:large","max-video-preview":"max-video-preview:-1"},"canonical":"https:\/\/baymar.de\/tr\/urun\/chili-gesch-o-saat-ext\/","og_locale":"tr_TR","og_type":"article","og_title":"Chili gesch. (o.Saat - ext.) - Baymar Gew\u00fcrze","og_description":"Haltbarkeit: 18 Monate  Lagerung: k\u00fchl und trocken, lichtgesch\u00fctzt","og_url":"https:\/\/baymar.de\/tr\/urun\/chili-gesch-o-saat-ext\/","og_site_name":"Baymar Gew\u00fcrze","article_publisher":"https:\/\/www.facebook.com\/baymargewuerze\/?locale=de_DE","article_modified_time":"2024-09-18T12:40:01+00:00","og_image":[{"width":600,"height":600,"url":"https:\/\/baymar.de\/wp-content\/uploads\/2024\/09\/20536309312002522521CHILLI20OHNE20KERNE1.jpg","type":"image\/jpeg"}],"twitter_card":"summary_large_image","schema":{"@context":"https:\/\/schema.org","@graph":[{"@type":"WebPage","@id":"https:\/\/baymar.de\/produkt\/chili-gesch-o-saat-ext","url":"https:\/\/baymar.de\/produkt\/chili-gesch-o-saat-ext","name":"Chili gesch. (o.Saat - ext.) - Baymar Gew\u00fcrze","isPartOf":{"@id":"https:\/\/baymar.de\/#website"},"primaryImageOfPage":{"@id":"https:\/\/baymar.de\/produkt\/chili-gesch-o-saat-ext#primaryimage"},"image":{"@id":"https:\/\/baymar.de\/produkt\/chili-gesch-o-saat-ext#primaryimage"},"thumbnailUrl":"https:\/\/baymar.de\/wp-content\/uploads\/2024\/09\/20536309312002522521CHILLI20OHNE20KERNE1.jpg","datePublished":"2024-09-13T10:32:45+00:00","dateModified":"2024-09-18T12:40:01+00:00","breadcrumb":{"@id":"https:\/\/baymar.de\/produkt\/chili-gesch-o-saat-ext#breadcrumb"},"inLanguage":"tr","potentialAction":[{"@type":"ReadAction","target":["https:\/\/baymar.de\/produkt\/chili-gesch-o-saat-ext"]}]},{"@type":"ImageObject","inLanguage":"tr","@id":"https:\/\/baymar.de\/produkt\/chili-gesch-o-saat-ext#primaryimage","url":"https:\/\/baymar.de\/wp-content\/uploads\/2024\/09\/20536309312002522521CHILLI20OHNE20KERNE1.jpg","contentUrl":"https:\/\/baymar.de\/wp-content\/uploads\/2024\/09\/20536309312002522521CHILLI20OHNE20KERNE1.jpg","width":600,"height":600,"caption":"Chili gesch. (o.Saat - ext.)"},{"@type":"BreadcrumbList","@id":"https:\/\/baymar.de\/produkt\/chili-gesch-o-saat-ext#breadcrumb","itemListElement":[{"@type":"ListItem","position":1,"name":"Startseite","item":"https:\/\/baymar.de\/"},{"@type":"ListItem","position":2,"name":"Produkte","item":"https:\/\/baymar.de\/produkte-gewuerze-grosspackung-kaufen-baymar-gewuerze"},{"@type":"ListItem","position":3,"name":"Chili gesch. (o.Saat &#8211; ext.)"}]},{"@type":"WebSite","@id":"https:\/\/baymar.de\/#website","url":"https:\/\/baymar.de\/","name":"Baymar Gew\u00fcrze","description":"","publisher":{"@id":"https:\/\/baymar.de\/#organization"},"potentialAction":[{"@type":"SearchAction","target":{"@type":"EntryPoint","urlTemplate":"https:\/\/baymar.de\/?s={search_term_string}"},"query-input":{"@type":"PropertyValueSpecification","valueRequired":true,"valueName":"search_term_string"}}],"inLanguage":"tr"},{"@type":"Organization","@id":"https:\/\/baymar.de\/#organization","name":"Baymar Gew\u00fcrze GmbH","url":"https:\/\/baymar.de\/","logo":{"@type":"ImageObject","inLanguage":"tr","@id":"https:\/\/baymar.de\/#\/schema\/logo\/image\/","url":"https:\/\/baymar.de\/wp-content\/uploads\/2024\/08\/baymar-logo.png","contentUrl":"https:\/\/baymar.de\/wp-content\/uploads\/2024\/08\/baymar-logo.png","width":300,"height":208,"caption":"Baymar Gew\u00fcrze GmbH"},"image":{"@id":"https:\/\/baymar.de\/#\/schema\/logo\/image\/"},"sameAs":["https:\/\/www.facebook.com\/baymargewuerze\/?locale=de_DE","https:\/\/www.instagram.com\/baymar_gewuerze\/"]}]}},"_links":{"self":[{"href":"https:\/\/baymar.de\/tr\/wp-json\/wp\/v2\/product\/871","targetHints":{"allow":["GET"]}}],"collection":[{"href":"https:\/\/baymar.de\/tr\/wp-json\/wp\/v2\/product"}],"about":[{"href":"https:\/\/baymar.de\/tr\/wp-json\/wp\/v2\/types\/product"}],"version-history":[{"count":3,"href":"https:\/\/baymar.de\/tr\/wp-json\/wp\/v2\/product\/871\/revisions"}],"predecessor-version":[{"id":1039,"href":"https:\/\/baymar.de\/tr\/wp-json\/wp\/v2\/product\/871\/revisions\/1039"}],"wp:featuredmedia":[{"embeddable":true,"href":"https:\/\/baymar.de\/tr\/wp-json\/wp\/v2\/media\/873"}],"wp:attachment":[{"href":"https:\/\/baymar.de\/tr\/wp-json\/wp\/v2\/media?parent=871"}],"wp:term":[{"taxonomy":"product_cat","embeddable":true,"href":"https:\/\/baymar.de\/tr\/wp-json\/wp\/v2\/product_cat?post=871"},{"taxonomy":"product_tag","embeddable":true,"href":"https:\/\/baymar.de\/tr\/wp-json\/wp\/v2\/product_tag?post=871"}],"curies":[{"name":"wp","href":"https:\/\/api.w.org\/{rel}","templated":true}]}}