{"id":406,"date":"2024-08-25T05:31:53","date_gmt":"2024-08-25T05:31:53","guid":{"rendered":"http:\/\/baymar.eu\/?page_id=406"},"modified":"2024-11-09T18:59:45","modified_gmt":"2024-11-09T18:59:45","slug":"impressum","status":"publish","type":"page","link":"https:\/\/baymar.de\/tr\/impressum","title":{"rendered":"IMPRESSUM"},"content":{"rendered":"<p><strong><br>Baymar Gew\u00fcrze GmbH<\/strong><\/p><p><strong>Adress:<\/strong>&nbsp;Merler Weg 1-3 \u2022 12681 Berlin<\/p><p><strong>Tel:<\/strong>&nbsp;030 \/ 680 819 32<\/p><p><strong>Fax:<\/strong>&nbsp;030 \/ 680 819 34<\/p><p><strong>eMail:<\/strong>&nbsp;info@baymar.de<\/p><p><strong>Web:<\/strong>&nbsp;www.baymar.de<\/p><p><strong>Vergi No:<\/strong>&nbsp;DE281885142<\/p><p><strong>Ticaret Sicili<\/strong>&nbsp;HRB 140930B<\/p><p>Charlottenburg B\u00f6lge Mahkemesi<\/p><p><strong>Genel M\u00fcd\u00fcr:<\/strong>&nbsp;Tugay Bayram<\/p><p>AB Komisyonu'nun \u00c7evrimi\u00e7i Uyu\u015fmazl\u0131k \u00c7\u00f6z\u00fcm\u00fc (ODR) platformuna ba\u011flant\u0131:&nbsp;<a href=\"https:\/\/ec.europa.eu\/consumers\/odr\">https:\/\/ec.europa.eu\/consumers\/odr<\/a>&nbsp;Bir t\u00fcketici uyu\u015fmazl\u0131k \u00e7\u00f6z\u00fcm kurulunda uyu\u015fmazl\u0131k \u00e7\u00f6z\u00fcm prosed\u00fcrlerine kat\u0131lmakla ne y\u00fck\u00fcml\u00fcy\u00fcz ne de haz\u0131r\u0131z.<\/p>","protected":false},"excerpt":{"rendered":"<p>Baymar Gew\u00fcrze GmbH Adress:&nbsp;Merler Weg 1-3 \u2022 12681 Berlin Tel:&nbsp;030 \/ 680 819 32 Fax:&nbsp;030 \/ 680 819 34 eMail:&nbsp;info@baymar.de Web:&nbsp;www.baymar.de Ust.-IdNr.&nbsp;DE281885142 Handelsregister:&nbsp;HRB 140930B Amstgericht Charlottenburg Gesch\u00e4ftsf\u00fchrer:&nbsp;Tugay Bayram Link zur Plattform der EU-Kommission zur Online-Streitbeilegung (OS-Plattform):&nbsp;https:\/\/ec.europa.eu\/consumers\/odr&nbsp;Zu der Teilnahme an Streitbeilegungsverfahren vor einer Verbraucherschlichtungsstelle sind wir weder verpflichtet noch bereit.<\/p>","protected":false},"author":1,"featured_media":0,"parent":0,"menu_order":0,"comment_status":"closed","ping_status":"closed","template":"","meta":{"footnotes":""},"class_list":["post-406","page","type-page","status-publish","hentry"],"yoast_head":"<!-- This site is optimized with the Yoast SEO plugin v24.0 - https:\/\/yoast.com\/wordpress\/plugins\/seo\/ -->\n<title>IMPRESSUM | Baymar Gew\u00fcrze GmbH\ud83d\udccd<\/title>\n<meta name=\"description\" content=\"Hier finden Sie das Impressum von Baymar Gew\u00fcrze mit allen wichtigen Angaben gem\u00e4\u00df \u00a75 TMG. Erfahren Sie mehr \u00fcber uns auf unserer Website.\" \/>\n<meta name=\"robots\" content=\"index, follow, max-snippet:-1, max-image-preview:large, max-video-preview:-1\" \/>\n<link rel=\"canonical\" href=\"https:\/\/baymar.de\/tr\/impressum\/\" \/>\n<meta property=\"og:locale\" content=\"tr_TR\" \/>\n<meta property=\"og:type\" content=\"article\" \/>\n<meta property=\"og:title\" content=\"IMPRESSUM | Baymar Gew\u00fcrze GmbH\ud83d\udccd\" \/>\n<meta property=\"og:description\" content=\"Hier finden Sie das Impressum von Baymar Gew\u00fcrze mit allen wichtigen Angaben gem\u00e4\u00df \u00a75 TMG. Erfahren Sie mehr \u00fcber uns auf unserer Website.\" \/>\n<meta property=\"og:url\" content=\"https:\/\/baymar.de\/tr\/impressum\/\" \/>\n<meta property=\"og:site_name\" content=\"Baymar Gew\u00fcrze\" \/>\n<meta property=\"article:publisher\" content=\"https:\/\/www.facebook.com\/baymargewuerze\/?locale=de_DE\" \/>\n<meta property=\"article:modified_time\" content=\"2024-11-09T18:59:45+00:00\" \/>\n<meta name=\"twitter:card\" content=\"summary_large_image\" \/>\n<meta name=\"twitter:label1\" content=\"Tahmini okuma s\u00fcresi\" \/>\n\t<meta name=\"twitter:data1\" content=\"1 dakika\" \/>\n<script type=\"application\/ld+json\" class=\"yoast-schema-graph\">{\"@context\":\"https:\/\/schema.org\",\"@graph\":[{\"@type\":\"WebPage\",\"@id\":\"https:\/\/baymar.de\/impressum\",\"url\":\"https:\/\/baymar.de\/impressum\",\"name\":\"IMPRESSUM | Baymar Gew\u00fcrze GmbH\ud83d\udccd\",\"isPartOf\":{\"@id\":\"https:\/\/baymar.de\/#website\"},\"datePublished\":\"2024-08-25T05:31:53+00:00\",\"dateModified\":\"2024-11-09T18:59:45+00:00\",\"description\":\"Hier finden Sie das Impressum von Baymar Gew\u00fcrze mit allen wichtigen Angaben gem\u00e4\u00df \u00a75 TMG. Erfahren Sie mehr \u00fcber uns auf unserer Website.\",\"breadcrumb\":{\"@id\":\"https:\/\/baymar.de\/impressum#breadcrumb\"},\"inLanguage\":\"tr\",\"potentialAction\":[{\"@type\":\"ReadAction\",\"target\":[\"https:\/\/baymar.de\/impressum\"]}]},{\"@type\":\"BreadcrumbList\",\"@id\":\"https:\/\/baymar.de\/impressum#breadcrumb\",\"itemListElement\":[{\"@type\":\"ListItem\",\"position\":1,\"name\":\"Startseite\",\"item\":\"https:\/\/baymar.de\/\"},{\"@type\":\"ListItem\",\"position\":2,\"name\":\"IMPRESSUM\"}]},{\"@type\":\"WebSite\",\"@id\":\"https:\/\/baymar.de\/#website\",\"url\":\"https:\/\/baymar.de\/\",\"name\":\"Baymar Gew\u00fcrze\",\"description\":\"\",\"publisher\":{\"@id\":\"https:\/\/baymar.de\/#organization\"},\"potentialAction\":[{\"@type\":\"SearchAction\",\"target\":{\"@type\":\"EntryPoint\",\"urlTemplate\":\"https:\/\/baymar.de\/?s={search_term_string}\"},\"query-input\":{\"@type\":\"PropertyValueSpecification\",\"valueRequired\":true,\"valueName\":\"search_term_string\"}}],\"inLanguage\":\"tr\"},{\"@type\":\"Organization\",\"@id\":\"https:\/\/baymar.de\/#organization\",\"name\":\"Baymar Gew\u00fcrze GmbH\",\"url\":\"https:\/\/baymar.de\/\",\"logo\":{\"@type\":\"ImageObject\",\"inLanguage\":\"tr\",\"@id\":\"https:\/\/baymar.de\/#\/schema\/logo\/image\/\",\"url\":\"https:\/\/baymar.de\/wp-content\/uploads\/2024\/08\/baymar-logo.png\",\"contentUrl\":\"https:\/\/baymar.de\/wp-content\/uploads\/2024\/08\/baymar-logo.png\",\"width\":300,\"height\":208,\"caption\":\"Baymar Gew\u00fcrze GmbH\"},\"image\":{\"@id\":\"https:\/\/baymar.de\/#\/schema\/logo\/image\/\"},\"sameAs\":[\"https:\/\/www.facebook.com\/baymargewuerze\/?locale=de_DE\",\"https:\/\/www.instagram.com\/baymar_gewuerze\/\"]}]}<\/script>\n<!-- \/ Yoast SEO plugin. -->","yoast_head_json":{"title":"IMPRESSUM | Baymar Gew\u00fcrze GmbH\ud83d\udccd","description":"Hier finden Sie das Impressum von Baymar Gew\u00fcrze mit allen wichtigen Angaben gem\u00e4\u00df \u00a75 TMG. Erfahren Sie mehr \u00fcber uns auf unserer Website.","robots":{"index":"index","follow":"follow","max-snippet":"max-snippet:-1","max-image-preview":"max-image-preview:large","max-video-preview":"max-video-preview:-1"},"canonical":"https:\/\/baymar.de\/tr\/impressum\/","og_locale":"tr_TR","og_type":"article","og_title":"IMPRESSUM | Baymar Gew\u00fcrze GmbH\ud83d\udccd","og_description":"Hier finden Sie das Impressum von Baymar Gew\u00fcrze mit allen wichtigen Angaben gem\u00e4\u00df \u00a75 TMG. Erfahren Sie mehr \u00fcber uns auf unserer Website.","og_url":"https:\/\/baymar.de\/tr\/impressum\/","og_site_name":"Baymar Gew\u00fcrze","article_publisher":"https:\/\/www.facebook.com\/baymargewuerze\/?locale=de_DE","article_modified_time":"2024-11-09T18:59:45+00:00","twitter_card":"summary_large_image","twitter_misc":{"Tahmini okuma s\u00fcresi":"1 dakika"},"schema":{"@context":"https:\/\/schema.org","@graph":[{"@type":"WebPage","@id":"https:\/\/baymar.de\/impressum","url":"https:\/\/baymar.de\/impressum","name":"IMPRESSUM | Baymar Gew\u00fcrze GmbH\ud83d\udccd","isPartOf":{"@id":"https:\/\/baymar.de\/#website"},"datePublished":"2024-08-25T05:31:53+00:00","dateModified":"2024-11-09T18:59:45+00:00","description":"Hier finden Sie das Impressum von Baymar Gew\u00fcrze mit allen wichtigen Angaben gem\u00e4\u00df \u00a75 TMG. Erfahren Sie mehr \u00fcber uns auf unserer Website.","breadcrumb":{"@id":"https:\/\/baymar.de\/impressum#breadcrumb"},"inLanguage":"tr","potentialAction":[{"@type":"ReadAction","target":["https:\/\/baymar.de\/impressum"]}]},{"@type":"BreadcrumbList","@id":"https:\/\/baymar.de\/impressum#breadcrumb","itemListElement":[{"@type":"ListItem","position":1,"name":"Startseite","item":"https:\/\/baymar.de\/"},{"@type":"ListItem","position":2,"name":"IMPRESSUM"}]},{"@type":"WebSite","@id":"https:\/\/baymar.de\/#website","url":"https:\/\/baymar.de\/","name":"Baymar Gew\u00fcrze","description":"","publisher":{"@id":"https:\/\/baymar.de\/#organization"},"potentialAction":[{"@type":"SearchAction","target":{"@type":"EntryPoint","urlTemplate":"https:\/\/baymar.de\/?s={search_term_string}"},"query-input":{"@type":"PropertyValueSpecification","valueRequired":true,"valueName":"search_term_string"}}],"inLanguage":"tr"},{"@type":"Organization","@id":"https:\/\/baymar.de\/#organization","name":"Baymar Gew\u00fcrze GmbH","url":"https:\/\/baymar.de\/","logo":{"@type":"ImageObject","inLanguage":"tr","@id":"https:\/\/baymar.de\/#\/schema\/logo\/image\/","url":"https:\/\/baymar.de\/wp-content\/uploads\/2024\/08\/baymar-logo.png","contentUrl":"https:\/\/baymar.de\/wp-content\/uploads\/2024\/08\/baymar-logo.png","width":300,"height":208,"caption":"Baymar Gew\u00fcrze GmbH"},"image":{"@id":"https:\/\/baymar.de\/#\/schema\/logo\/image\/"},"sameAs":["https:\/\/www.facebook.com\/baymargewuerze\/?locale=de_DE","https:\/\/www.instagram.com\/baymar_gewuerze\/"]}]}},"_links":{"self":[{"href":"https:\/\/baymar.de\/tr\/wp-json\/wp\/v2\/pages\/406","targetHints":{"allow":["GET"]}}],"collection":[{"href":"https:\/\/baymar.de\/tr\/wp-json\/wp\/v2\/pages"}],"about":[{"href":"https:\/\/baymar.de\/tr\/wp-json\/wp\/v2\/types\/page"}],"author":[{"embeddable":true,"href":"https:\/\/baymar.de\/tr\/wp-json\/wp\/v2\/users\/1"}],"replies":[{"embeddable":true,"href":"https:\/\/baymar.de\/tr\/wp-json\/wp\/v2\/comments?post=406"}],"version-history":[{"count":1,"href":"https:\/\/baymar.de\/tr\/wp-json\/wp\/v2\/pages\/406\/revisions"}],"predecessor-version":[{"id":411,"href":"https:\/\/baymar.de\/tr\/wp-json\/wp\/v2\/pages\/406\/revisions\/411"}],"wp:attachment":[{"href":"https:\/\/baymar.de\/tr\/wp-json\/wp\/v2\/media?parent=406"}],"curies":[{"name":"wp","href":"https:\/\/api.w.org\/{rel}","templated":true}]}}