{"id":110,"date":"2024-08-18T07:07:22","date_gmt":"2024-08-18T07:07:22","guid":{"rendered":"http:\/\/baymar.eu\/?page_id=110"},"modified":"2024-11-09T21:03:53","modified_gmt":"2024-11-09T21:03:53","slug":"kontakt","status":"publish","type":"page","link":"https:\/\/baymar.de\/tr\/kontakt","title":{"rendered":"\u0130leti\u015fim"},"content":{"rendered":"<div data-elementor-type=\"wp-page\" data-elementor-id=\"110\" class=\"elementor elementor-110\" data-elementor-post-type=\"page\">\n\t\t\t\t<div class=\"elementor-element elementor-element-5a9488f e-flex e-con-boxed e-con e-parent\" data-id=\"5a9488f\" data-element_type=\"container\">\n\t\t\t\t\t<div class=\"e-con-inner\">\n\t\t<div class=\"elementor-element elementor-element-638975ba e-con-full e-flex e-con e-child\" data-id=\"638975ba\" data-element_type=\"container\">\n\t\t<div class=\"elementor-element elementor-element-6f9e3593 e-con-full e-flex e-con e-child\" data-id=\"6f9e3593\" data-element_type=\"container\">\n\t\t\t\t<div class=\"elementor-element elementor-element-2538b1c elementor-widget__width-initial elementor-widget elementor-widget-heading\" data-id=\"2538b1c\" data-element_type=\"widget\" data-widget_type=\"heading.default\">\n\t\t\t\t<div class=\"elementor-widget-container\">\n\t\t\t<h2 class=\"elementor-heading-title elementor-size-default\">Baymar Gew\u00fcrze GmbH<br> \n\n<\/h2>\t\t<\/div>\n\t\t\t\t<\/div>\n\t\t\t\t<div class=\"elementor-element elementor-element-4c012830 elementor-widget__width-initial elementor-widget-laptop__width-initial elementor-icon-list--layout-traditional elementor-list-item-link-full_width elementor-widget elementor-widget-icon-list\" data-id=\"4c012830\" data-element_type=\"widget\" data-widget_type=\"icon-list.default\">\n\t\t\t\t<div class=\"elementor-widget-container\">\n\t\t\t\t\t<ul class=\"elementor-icon-list-items\">\n\t\t\t\t\t\t\t<li class=\"elementor-icon-list-item\">\n\t\t\t\t\t\t\t\t\t\t\t<a href=\"https:\/\/www.google.com\/maps\/place\/Baymar+Gew%C3%BCrze\/@52.5230707,13.5261049,17z\/data=!3m1!4b1!4m6!3m5!1s0x47a84f4adb44ea9b:0xaf1aaa03767457ed!8m2!3d52.5230707!4d13.5261049!16s%2Fg%2F11vpt6y43f?hl=de&#038;entry=ttu&#038;g_ep=EgoyMDI0MDgyMy4wIKXMDSoASAFQAw%3D%3D\">\n\n\t\t\t\t\t\t\t\t\t\t\t\t<span class=\"elementor-icon-list-icon\">\n\t\t\t\t\t\t\t<svg aria-hidden=\"true\" class=\"e-font-icon-svg e-fas-location-arrow\" viewbox=\"0 0 512 512\" xmlns=\"http:\/\/www.w3.org\/2000\/svg\"><path d=\"M444.52 3.52L28.74 195.42c-47.97 22.39-31.98 92.75 19.19 92.75h175.91v175.91c0 51.17 70.36 67.17 92.75 19.19l191.9-415.78c15.99-38.39-25.59-79.97-63.97-63.97z\"><\/path><\/svg>\t\t\t\t\t\t<\/span>\n\t\t\t\t\t\t\t\t\t\t<span class=\"elementor-icon-list-text\">Merler Weg 1-3 <br>12681 Berlin<\/span>\n\t\t\t\t\t\t\t\t\t\t\t<\/a>\n\t\t\t\t\t\t\t\t\t<\/li>\n\t\t\t\t\t\t\t\t<li class=\"elementor-icon-list-item\">\n\t\t\t\t\t\t\t\t\t\t\t<a href=\"tel:030 \/ 680 819 32\">\n\n\t\t\t\t\t\t\t\t\t\t\t\t<span class=\"elementor-icon-list-icon\">\n\t\t\t\t\t\t\t<svg aria-hidden=\"true\" class=\"e-font-icon-svg e-fas-phone-alt\" viewbox=\"0 0 512 512\" xmlns=\"http:\/\/www.w3.org\/2000\/svg\"><path d=\"M497.39 361.8l-112-48a24 24 0 0 0-28 6.9l-49.6 60.6A370.66 370.66 0 0 1 130.6 204.11l60.6-49.6a23.94 23.94 0 0 0 6.9-28l-48-112A24.16 24.16 0 0 0 122.6.61l-104 24A24 24 0 0 0 0 48c0 256.5 207.9 464 464 464a24 24 0 0 0 23.4-18.6l24-104a24.29 24.29 0 0 0-14.01-27.6z\"><\/path><\/svg>\t\t\t\t\t\t<\/span>\n\t\t\t\t\t\t\t\t\t\t<span class=\"elementor-icon-list-text\">030 \/ 680 819 32<\/span>\n\t\t\t\t\t\t\t\t\t\t\t<\/a>\n\t\t\t\t\t\t\t\t\t<\/li>\n\t\t\t\t\t\t\t\t<li class=\"elementor-icon-list-item\">\n\t\t\t\t\t\t\t\t\t\t\t<span class=\"elementor-icon-list-icon\">\n\t\t\t\t\t\t\t<svg aria-hidden=\"true\" class=\"e-font-icon-svg e-fas-fax\" viewbox=\"0 0 512 512\" xmlns=\"http:\/\/www.w3.org\/2000\/svg\"><path d=\"M480 160V77.25a32 32 0 0 0-9.38-22.63L425.37 9.37A32 32 0 0 0 402.75 0H160a32 32 0 0 0-32 32v448a32 32 0 0 0 32 32h320a32 32 0 0 0 32-32V192a32 32 0 0 0-32-32zM288 432a16 16 0 0 1-16 16h-32a16 16 0 0 1-16-16v-32a16 16 0 0 1 16-16h32a16 16 0 0 1 16 16zm0-128a16 16 0 0 1-16 16h-32a16 16 0 0 1-16-16v-32a16 16 0 0 1 16-16h32a16 16 0 0 1 16 16zm128 128a16 16 0 0 1-16 16h-32a16 16 0 0 1-16-16v-32a16 16 0 0 1 16-16h32a16 16 0 0 1 16 16zm0-128a16 16 0 0 1-16 16h-32a16 16 0 0 1-16-16v-32a16 16 0 0 1 16-16h32a16 16 0 0 1 16 16zm0-112H192V64h160v48a16 16 0 0 0 16 16h48zM64 128H32a32 32 0 0 0-32 32v320a32 32 0 0 0 32 32h32a32 32 0 0 0 32-32V160a32 32 0 0 0-32-32z\"><\/path><\/svg>\t\t\t\t\t\t<\/span>\n\t\t\t\t\t\t\t\t\t\t<span class=\"elementor-icon-list-text\">030 \/ 680 819 34<\/span>\n\t\t\t\t\t\t\t\t\t<\/li>\n\t\t\t\t\t\t\t\t<li class=\"elementor-icon-list-item\">\n\t\t\t\t\t\t\t\t\t\t\t<a href=\"mailto:info@baymar.de\">\n\n\t\t\t\t\t\t\t\t\t\t\t\t<span class=\"elementor-icon-list-icon\">\n\t\t\t\t\t\t\t<svg aria-hidden=\"true\" class=\"e-font-icon-svg e-fas-mail-bulk\" viewbox=\"0 0 576 512\" xmlns=\"http:\/\/www.w3.org\/2000\/svg\"><path d=\"M160 448c-25.6 0-51.2-22.4-64-32-64-44.8-83.2-60.8-96-70.4V480c0 17.67 14.33 32 32 32h256c17.67 0 32-14.33 32-32V345.6c-12.8 9.6-32 25.6-96 70.4-12.8 9.6-38.4 32-64 32zm128-192H32c-17.67 0-32 14.33-32 32v16c25.6 19.2 22.4 19.2 115.2 86.4 9.6 6.4 28.8 25.6 44.8 25.6s35.2-19.2 44.8-22.4c92.8-67.2 89.6-67.2 115.2-86.4V288c0-17.67-14.33-32-32-32zm256-96H224c-17.67 0-32 14.33-32 32v32h96c33.21 0 60.59 25.42 63.71 57.82l.29-.22V416h192c17.67 0 32-14.33 32-32V192c0-17.67-14.33-32-32-32zm-32 128h-64v-64h64v64zm-352-96c0-35.29 28.71-64 64-64h224V32c0-17.67-14.33-32-32-32H96C78.33 0 64 14.33 64 32v192h96v-32z\"><\/path><\/svg>\t\t\t\t\t\t<\/span>\n\t\t\t\t\t\t\t\t\t\t<span class=\"elementor-icon-list-text\">info@baymar.de<\/span>\n\t\t\t\t\t\t\t\t\t\t\t<\/a>\n\t\t\t\t\t\t\t\t\t<\/li>\n\t\t\t\t\t\t\t\t<li class=\"elementor-icon-list-item\">\n\t\t\t\t\t\t\t\t\t\t\t<span class=\"elementor-icon-list-icon\">\n\t\t\t\t\t\t\t<svg aria-hidden=\"true\" class=\"e-font-icon-svg e-fas-file-word\" viewbox=\"0 0 384 512\" xmlns=\"http:\/\/www.w3.org\/2000\/svg\"><path d=\"M224 136V0H24C10.7 0 0 10.7 0 24v464c0 13.3 10.7 24 24 24h336c13.3 0 24-10.7 24-24V160H248c-13.2 0-24-10.8-24-24zm57.1 120H305c7.7 0 13.4 7.1 11.7 14.7l-38 168c-1.2 5.5-6.1 9.3-11.7 9.3h-38c-5.5 0-10.3-3.8-11.6-9.1-25.8-103.5-20.8-81.2-25.6-110.5h-.5c-1.1 14.3-2.4 17.4-25.6 110.5-1.3 5.3-6.1 9.1-11.6 9.1H117c-5.6 0-10.5-3.9-11.7-9.4l-37.8-168c-1.7-7.5 4-14.6 11.7-14.6h24.5c5.7 0 10.7 4 11.8 9.7 15.6 78 20.1 109.5 21 122.2 1.6-10.2 7.3-32.7 29.4-122.7 1.3-5.4 6.1-9.1 11.7-9.1h29.1c5.6 0 10.4 3.8 11.7 9.2 24 100.4 28.8 124 29.6 129.4-.2-11.2-2.6-17.8 21.6-129.2 1-5.6 5.9-9.5 11.5-9.5zM384 121.9v6.1H256V0h6.1c6.4 0 12.5 2.5 17 7l97.9 98c4.5 4.5 7 10.6 7 16.9z\"><\/path><\/svg>\t\t\t\t\t\t<\/span>\n\t\t\t\t\t\t\t\t\t\t<span class=\"elementor-icon-list-text\">www.baymar.de<\/span>\n\t\t\t\t\t\t\t\t\t<\/li>\n\t\t\t\t\t\t<\/ul>\n\t\t\t\t<\/div>\n\t\t\t\t<\/div>\n\t\t\t\t<div class=\"elementor-element elementor-element-cf19dc6 elementor-widget__width-initial elementor-widget-laptop__width-initial elementor-widget elementor-widget-text-editor\" data-id=\"cf19dc6\" data-element_type=\"widget\" data-widget_type=\"text-editor.default\">\n\t\t\t\t<div class=\"elementor-widget-container\">\n\t\t\t\t\t\t\t<p><strong>Vergi No:<\/strong>\u00a0DE281885142<\/p><p><strong>Ticaret Sicili<\/strong>\u00a0HRB 140930B<\/p><p>Charlottenburg B\u00f6lge Mahkemesi<\/p><p><strong>Genel M\u00fcd\u00fcr:<\/strong>\u00a0Tugay Bayram<\/p><p>AB Komisyonu'nun \u00c7evrimi\u00e7i Uyu\u015fmazl\u0131k \u00c7\u00f6z\u00fcm\u00fc (ODR) platformuna ba\u011flant\u0131:\u00a0<a href=\"https:\/\/ec.europa.eu\/consumers\/odr\">https:\/\/ec.europa.eu\/consumers\/odr<\/a>\u00a0Bir t\u00fcketici uyu\u015fmazl\u0131k \u00e7\u00f6z\u00fcm kurulunda uyu\u015fmazl\u0131k \u00e7\u00f6z\u00fcm prosed\u00fcrlerine kat\u0131lmakla ne y\u00fck\u00fcml\u00fcy\u00fcz ne de haz\u0131r\u0131z.<\/p>\t\t\t\t\t\t<\/div>\n\t\t\t\t<\/div>\n\t\t\t\t<div class=\"elementor-element elementor-element-8895454 elementor-widget elementor-widget-html\" data-id=\"8895454\" data-element_type=\"widget\" data-widget_type=\"html.default\">\n\t\t\t\t<div class=\"elementor-widget-container\">\n\t\t\t<iframe src=\"https:\/\/www.google.com\/maps\/embed?pb=!1m18!1m12!1m3!1d2737.3411503440416!2d13.526104899999998!3d52.5230707!2m3!1f0!2f0!3f0!3m2!1i1024!2i768!4f13.1!3m3!1m2!1s0x47a84f4adb44ea9b%3A0xaf1aaa03767457ed!2sBaymar%20Gew%C3%BCrze!5e1!3m2!1sde!2str!4v1724770637593!5m2!1sde!2str\" width=\"600\" height=\"450\" style=\"border:0;\" allowfullscreen=\"\" loading=\"lazy\" referrerpolicy=\"no-referrer-when-downgrade\"><\/iframe>\t\t<\/div>\n\t\t\t\t<\/div>\n\t\t\t\t<\/div>\n\t\t\t\t<\/div>\n\t\t\t\t\t<\/div>\n\t\t\t\t<\/div>\n\t\t<div class=\"elementor-element elementor-element-ab90144 e-flex e-con-boxed e-con e-parent\" data-id=\"ab90144\" data-element_type=\"container\">\n\t\t\t\t\t<div class=\"e-con-inner\">\n\t\t\t\t<div class=\"elementor-element elementor-element-049a149 elementor-widget elementor-widget-image\" data-id=\"049a149\" data-element_type=\"widget\" data-widget_type=\"image.default\">\n\t\t\t\t<div class=\"elementor-widget-container\">\n\t\t\t\t\t\t\t\t\t\t\t\t\t<img fetchpriority=\"high\" decoding=\"async\" width=\"768\" height=\"430\" src=\"https:\/\/baymar.de\/wp-content\/uploads\/2024\/09\/Maps-Anfahrt-768x430.png\" class=\"attachment-medium_large size-medium_large wp-image-740\" alt=\"\" srcset=\"https:\/\/baymar.de\/wp-content\/uploads\/2024\/09\/Maps-Anfahrt-768x430.png 768w, https:\/\/baymar.de\/wp-content\/uploads\/2024\/09\/Maps-Anfahrt-300x168.png 300w, https:\/\/baymar.de\/wp-content\/uploads\/2024\/09\/Maps-Anfahrt-1024x573.png 1024w, https:\/\/baymar.de\/wp-content\/uploads\/2024\/09\/Maps-Anfahrt-18x10.png 18w, https:\/\/baymar.de\/wp-content\/uploads\/2024\/09\/Maps-Anfahrt-600x336.png 600w, https:\/\/baymar.de\/wp-content\/uploads\/2024\/09\/Maps-Anfahrt.png 1416w\" sizes=\"(max-width: 768px) 100vw, 768px\" \/>\t\t\t\t\t\t\t\t\t\t\t\t\t<\/div>\n\t\t\t\t<\/div>\n\t\t\t\t\t<\/div>\n\t\t\t\t<\/div>\n\t\t\t\t<\/div>","protected":false},"excerpt":{"rendered":"<p>Baymar Gew\u00fcrze GmbH Merler Weg 1-3 12681 Berlin 030 \/ 680 819 32 030 \/ 680 819 34 info@baymar.de www.baymar.de Ust.-IdNr.\u00a0DE281885142 Handelsregister:\u00a0HRB 140930B Amstgericht Charlottenburg Gesch\u00e4ftsf\u00fchrer:\u00a0Tugay Bayram Link zur Plattform der EU-Kommission zur Online-Streitbeilegung (OS-Plattform):\u00a0https:\/\/ec.europa.eu\/consumers\/odr\u00a0Zu der Teilnahme an Streitbeilegungsverfahren vor einer Verbraucherschlichtungsstelle sind wir weder verpflichtet noch bereit.<\/p>","protected":false},"author":1,"featured_media":0,"parent":0,"menu_order":0,"comment_status":"closed","ping_status":"closed","template":"elementor_header_footer","meta":{"footnotes":""},"class_list":["post-110","page","type-page","status-publish","hentry"],"yoast_head":"<!-- This site is optimized with the Yoast SEO plugin v24.0 - https:\/\/yoast.com\/wordpress\/plugins\/seo\/ -->\n<title>Kontakt | Baymar Gew\u00fcrze GmbH \u2013 Jetzt unter 030 \/ 680 819 32<\/title>\n<meta name=\"description\" content=\"Kontaktieren Sie Baymar Gew\u00fcrze \u2013 Ihr Gew\u00fcrz-Gro\u00dfhandel f\u00fcr beste Qualit\u00e4t. Wir freuen uns auf Ihre Anfrage und sind gerne f\u00fcr Sie da.\" \/>\n<meta name=\"robots\" content=\"index, follow, max-snippet:-1, max-image-preview:large, max-video-preview:-1\" \/>\n<link rel=\"canonical\" href=\"https:\/\/baymar.de\/tr\/kontakt\/\" \/>\n<meta property=\"og:locale\" content=\"tr_TR\" \/>\n<meta property=\"og:type\" content=\"article\" \/>\n<meta property=\"og:title\" content=\"Kontakt | Baymar Gew\u00fcrze GmbH \u2013 Jetzt unter 030 \/ 680 819 32\" \/>\n<meta property=\"og:description\" content=\"Kontaktieren Sie Baymar Gew\u00fcrze \u2013 Ihr Gew\u00fcrz-Gro\u00dfhandel f\u00fcr beste Qualit\u00e4t. Wir freuen uns auf Ihre Anfrage und sind gerne f\u00fcr Sie da.\" \/>\n<meta property=\"og:url\" content=\"https:\/\/baymar.de\/tr\/kontakt\/\" \/>\n<meta property=\"og:site_name\" content=\"Baymar Gew\u00fcrze\" \/>\n<meta property=\"article:publisher\" content=\"https:\/\/www.facebook.com\/baymargewuerze\/?locale=de_DE\" \/>\n<meta property=\"article:modified_time\" content=\"2024-11-09T21:03:53+00:00\" \/>\n<meta property=\"og:image\" content=\"http:\/\/baymar.eu\/wp-content\/uploads\/2024\/09\/Maps-Anfahrt-768x430.png\" \/>\n<meta name=\"twitter:card\" content=\"summary_large_image\" \/>\n<meta name=\"twitter:label1\" content=\"Tahmini okuma s\u00fcresi\" \/>\n\t<meta name=\"twitter:data1\" content=\"1 dakika\" \/>\n<script type=\"application\/ld+json\" class=\"yoast-schema-graph\">{\"@context\":\"https:\/\/schema.org\",\"@graph\":[{\"@type\":\"WebPage\",\"@id\":\"https:\/\/baymar.de\/kontakt\",\"url\":\"https:\/\/baymar.de\/kontakt\",\"name\":\"Kontakt | Baymar Gew\u00fcrze GmbH \u2013 Jetzt unter 030 \/ 680 819 32\",\"isPartOf\":{\"@id\":\"https:\/\/baymar.de\/#website\"},\"primaryImageOfPage\":{\"@id\":\"https:\/\/baymar.de\/kontakt#primaryimage\"},\"image\":{\"@id\":\"https:\/\/baymar.de\/kontakt#primaryimage\"},\"thumbnailUrl\":\"http:\/\/baymar.eu\/wp-content\/uploads\/2024\/09\/Maps-Anfahrt-768x430.png\",\"datePublished\":\"2024-08-18T07:07:22+00:00\",\"dateModified\":\"2024-11-09T21:03:53+00:00\",\"description\":\"Kontaktieren Sie Baymar Gew\u00fcrze \u2013 Ihr Gew\u00fcrz-Gro\u00dfhandel f\u00fcr beste Qualit\u00e4t. Wir freuen uns auf Ihre Anfrage und sind gerne f\u00fcr Sie da.\",\"breadcrumb\":{\"@id\":\"https:\/\/baymar.de\/kontakt#breadcrumb\"},\"inLanguage\":\"tr\",\"potentialAction\":[{\"@type\":\"ReadAction\",\"target\":[\"https:\/\/baymar.de\/kontakt\"]}]},{\"@type\":\"ImageObject\",\"inLanguage\":\"tr\",\"@id\":\"https:\/\/baymar.de\/kontakt#primaryimage\",\"url\":\"http:\/\/baymar.eu\/wp-content\/uploads\/2024\/09\/Maps-Anfahrt-768x430.png\",\"contentUrl\":\"http:\/\/baymar.eu\/wp-content\/uploads\/2024\/09\/Maps-Anfahrt-768x430.png\"},{\"@type\":\"BreadcrumbList\",\"@id\":\"https:\/\/baymar.de\/kontakt#breadcrumb\",\"itemListElement\":[{\"@type\":\"ListItem\",\"position\":1,\"name\":\"Startseite\",\"item\":\"https:\/\/baymar.de\/\"},{\"@type\":\"ListItem\",\"position\":2,\"name\":\"Kontakt\"}]},{\"@type\":\"WebSite\",\"@id\":\"https:\/\/baymar.de\/#website\",\"url\":\"https:\/\/baymar.de\/\",\"name\":\"Baymar Gew\u00fcrze\",\"description\":\"\",\"publisher\":{\"@id\":\"https:\/\/baymar.de\/#organization\"},\"potentialAction\":[{\"@type\":\"SearchAction\",\"target\":{\"@type\":\"EntryPoint\",\"urlTemplate\":\"https:\/\/baymar.de\/?s={search_term_string}\"},\"query-input\":{\"@type\":\"PropertyValueSpecification\",\"valueRequired\":true,\"valueName\":\"search_term_string\"}}],\"inLanguage\":\"tr\"},{\"@type\":\"Organization\",\"@id\":\"https:\/\/baymar.de\/#organization\",\"name\":\"Baymar Gew\u00fcrze GmbH\",\"url\":\"https:\/\/baymar.de\/\",\"logo\":{\"@type\":\"ImageObject\",\"inLanguage\":\"tr\",\"@id\":\"https:\/\/baymar.de\/#\/schema\/logo\/image\/\",\"url\":\"https:\/\/baymar.de\/wp-content\/uploads\/2024\/08\/baymar-logo.png\",\"contentUrl\":\"https:\/\/baymar.de\/wp-content\/uploads\/2024\/08\/baymar-logo.png\",\"width\":300,\"height\":208,\"caption\":\"Baymar Gew\u00fcrze GmbH\"},\"image\":{\"@id\":\"https:\/\/baymar.de\/#\/schema\/logo\/image\/\"},\"sameAs\":[\"https:\/\/www.facebook.com\/baymargewuerze\/?locale=de_DE\",\"https:\/\/www.instagram.com\/baymar_gewuerze\/\"]}]}<\/script>\n<!-- \/ Yoast SEO plugin. -->","yoast_head_json":{"title":"Kontakt | Baymar Gew\u00fcrze GmbH \u2013 Jetzt unter 030 \/ 680 819 32","description":"Kontaktieren Sie Baymar Gew\u00fcrze \u2013 Ihr Gew\u00fcrz-Gro\u00dfhandel f\u00fcr beste Qualit\u00e4t. Wir freuen uns auf Ihre Anfrage und sind gerne f\u00fcr Sie da.","robots":{"index":"index","follow":"follow","max-snippet":"max-snippet:-1","max-image-preview":"max-image-preview:large","max-video-preview":"max-video-preview:-1"},"canonical":"https:\/\/baymar.de\/tr\/kontakt\/","og_locale":"tr_TR","og_type":"article","og_title":"Kontakt | Baymar Gew\u00fcrze GmbH \u2013 Jetzt unter 030 \/ 680 819 32","og_description":"Kontaktieren Sie Baymar Gew\u00fcrze \u2013 Ihr Gew\u00fcrz-Gro\u00dfhandel f\u00fcr beste Qualit\u00e4t. Wir freuen uns auf Ihre Anfrage und sind gerne f\u00fcr Sie da.","og_url":"https:\/\/baymar.de\/tr\/kontakt\/","og_site_name":"Baymar Gew\u00fcrze","article_publisher":"https:\/\/www.facebook.com\/baymargewuerze\/?locale=de_DE","article_modified_time":"2024-11-09T21:03:53+00:00","og_image":[{"url":"http:\/\/baymar.eu\/wp-content\/uploads\/2024\/09\/Maps-Anfahrt-768x430.png","type":"","width":"","height":""}],"twitter_card":"summary_large_image","twitter_misc":{"Tahmini okuma s\u00fcresi":"1 dakika"},"schema":{"@context":"https:\/\/schema.org","@graph":[{"@type":"WebPage","@id":"https:\/\/baymar.de\/kontakt","url":"https:\/\/baymar.de\/kontakt","name":"Kontakt | Baymar Gew\u00fcrze GmbH \u2013 Jetzt unter 030 \/ 680 819 32","isPartOf":{"@id":"https:\/\/baymar.de\/#website"},"primaryImageOfPage":{"@id":"https:\/\/baymar.de\/kontakt#primaryimage"},"image":{"@id":"https:\/\/baymar.de\/kontakt#primaryimage"},"thumbnailUrl":"http:\/\/baymar.eu\/wp-content\/uploads\/2024\/09\/Maps-Anfahrt-768x430.png","datePublished":"2024-08-18T07:07:22+00:00","dateModified":"2024-11-09T21:03:53+00:00","description":"Kontaktieren Sie Baymar Gew\u00fcrze \u2013 Ihr Gew\u00fcrz-Gro\u00dfhandel f\u00fcr beste Qualit\u00e4t. Wir freuen uns auf Ihre Anfrage und sind gerne f\u00fcr Sie da.","breadcrumb":{"@id":"https:\/\/baymar.de\/kontakt#breadcrumb"},"inLanguage":"tr","potentialAction":[{"@type":"ReadAction","target":["https:\/\/baymar.de\/kontakt"]}]},{"@type":"ImageObject","inLanguage":"tr","@id":"https:\/\/baymar.de\/kontakt#primaryimage","url":"http:\/\/baymar.eu\/wp-content\/uploads\/2024\/09\/Maps-Anfahrt-768x430.png","contentUrl":"http:\/\/baymar.eu\/wp-content\/uploads\/2024\/09\/Maps-Anfahrt-768x430.png"},{"@type":"BreadcrumbList","@id":"https:\/\/baymar.de\/kontakt#breadcrumb","itemListElement":[{"@type":"ListItem","position":1,"name":"Startseite","item":"https:\/\/baymar.de\/"},{"@type":"ListItem","position":2,"name":"Kontakt"}]},{"@type":"WebSite","@id":"https:\/\/baymar.de\/#website","url":"https:\/\/baymar.de\/","name":"Baymar Gew\u00fcrze","description":"","publisher":{"@id":"https:\/\/baymar.de\/#organization"},"potentialAction":[{"@type":"SearchAction","target":{"@type":"EntryPoint","urlTemplate":"https:\/\/baymar.de\/?s={search_term_string}"},"query-input":{"@type":"PropertyValueSpecification","valueRequired":true,"valueName":"search_term_string"}}],"inLanguage":"tr"},{"@type":"Organization","@id":"https:\/\/baymar.de\/#organization","name":"Baymar Gew\u00fcrze GmbH","url":"https:\/\/baymar.de\/","logo":{"@type":"ImageObject","inLanguage":"tr","@id":"https:\/\/baymar.de\/#\/schema\/logo\/image\/","url":"https:\/\/baymar.de\/wp-content\/uploads\/2024\/08\/baymar-logo.png","contentUrl":"https:\/\/baymar.de\/wp-content\/uploads\/2024\/08\/baymar-logo.png","width":300,"height":208,"caption":"Baymar Gew\u00fcrze GmbH"},"image":{"@id":"https:\/\/baymar.de\/#\/schema\/logo\/image\/"},"sameAs":["https:\/\/www.facebook.com\/baymargewuerze\/?locale=de_DE","https:\/\/www.instagram.com\/baymar_gewuerze\/"]}]}},"_links":{"self":[{"href":"https:\/\/baymar.de\/tr\/wp-json\/wp\/v2\/pages\/110","targetHints":{"allow":["GET"]}}],"collection":[{"href":"https:\/\/baymar.de\/tr\/wp-json\/wp\/v2\/pages"}],"about":[{"href":"https:\/\/baymar.de\/tr\/wp-json\/wp\/v2\/types\/page"}],"author":[{"embeddable":true,"href":"https:\/\/baymar.de\/tr\/wp-json\/wp\/v2\/users\/1"}],"replies":[{"embeddable":true,"href":"https:\/\/baymar.de\/tr\/wp-json\/wp\/v2\/comments?post=110"}],"version-history":[{"count":31,"href":"https:\/\/baymar.de\/tr\/wp-json\/wp\/v2\/pages\/110\/revisions"}],"predecessor-version":[{"id":743,"href":"https:\/\/baymar.de\/tr\/wp-json\/wp\/v2\/pages\/110\/revisions\/743"}],"wp:attachment":[{"href":"https:\/\/baymar.de\/tr\/wp-json\/wp\/v2\/media?parent=110"}],"curies":[{"name":"wp","href":"https:\/\/api.w.org\/{rel}","templated":true}]}}