{"id":913,"date":"2024-09-13T11:08:08","date_gmt":"2024-09-13T11:08:08","guid":{"rendered":"http:\/\/baymar.eu\/?post_type=product&#038;p=913"},"modified":"2024-09-18T12:39:30","modified_gmt":"2024-09-18T12:39:30","slug":"paprika-edelsuess-hochrot","status":"publish","type":"product","link":"https:\/\/baymar.de\/en\/product\/paprika-edelsuess-hochrot","title":{"rendered":"Paprika Edels\u00fc\u00df hochrot"},"content":{"rendered":"<div class=\"col-lg-4\">\n<div class=\"prod-d\">\n<h2>Ingredients<\/h2>\n<p>&nbsp;<\/p>\n<p>Paprika<\/p>\n<\/div>\n<\/div>\n<div class=\"col-lg-4\">\n<div class=\"prod-l\">\n<h2>Nutritional values per 100g<\/h2>\n<table>\n<tbody class=\"energy\">\n<tr>\n<td class=\"xl68\" height=\"20\">Energy:<\/td>\n<td class=\"xl67\">317 kcal \/ 1331 kj<\/td>\n<\/tr>\n<tr>\n<td class=\"xl68\" height=\"20\">fat:<\/td>\n<td class=\"xl67\">13 g<\/td>\n<\/tr>\n<tr>\n<td class=\"xl68\" height=\"20\">of which saturated fat:<\/td>\n<td class=\"xl67\">2,1 g<\/td>\n<\/tr>\n<tr>\n<td class=\"xl68\" height=\"20\">Carbohydrates:<\/td>\n<td class=\"xl67\">35 g<\/td>\n<\/tr>\n<tr>\n<td class=\"xl68\" height=\"20\">of which sugars:<\/td>\n<td class=\"xl67\">33,2 g<\/td>\n<\/tr>\n<tr>\n<td class=\"xl68\" height=\"20\">Protein:<\/td>\n<td class=\"xl67\">15 g<\/td>\n<\/tr>\n<tr>\n<td class=\"xl68\" height=\"20\">Satl:<\/td>\n<td class=\"xl67\">0,3 g<\/td>\n<\/tr>\n<\/tbody>\n<\/table>\n<\/div>\n<\/div>","protected":false},"excerpt":{"rendered":"<div class=\"chatbubble left\" data-v-967dc222=\"\"><span class=\"chatbuble-text\" data-v-967dc222=\"\">Shelf life: 18 months<\/p>\n<p>Storage: cool and dry, protected from light<\/span><\/div>\n<div data-v-967dc222=\"\"><\/div>","protected":false},"featured_media":793,"template":"","meta":[],"product_cat":[23],"product_tag":[],"class_list":{"0":"post-913","1":"product","2":"type-product","3":"status-publish","4":"has-post-thumbnail","6":"product_cat-gewuerze-und-saaten","8":"first","9":"instock","10":"shipping-taxable","11":"product-type-simple"},"yoast_head":"<!-- This site is optimized with the Yoast SEO plugin v24.0 - https:\/\/yoast.com\/wordpress\/plugins\/seo\/ -->\n<title>Paprika Edels\u00fc\u00df hochrot - Baymar Gew\u00fcrze<\/title>\n<meta name=\"robots\" content=\"index, follow, max-snippet:-1, max-image-preview:large, max-video-preview:-1\" \/>\n<link rel=\"canonical\" href=\"https:\/\/baymar.de\/en\/product\/paprika-edelsuess-hochrot\/\" \/>\n<meta property=\"og:locale\" content=\"en_US\" \/>\n<meta property=\"og:type\" content=\"article\" \/>\n<meta property=\"og:title\" content=\"Paprika Edels\u00fc\u00df hochrot - Baymar Gew\u00fcrze\" \/>\n<meta property=\"og:description\" content=\"Haltbarkeit: 18 Monate  Lagerung: k\u00fchl und trocken, lichtgesch\u00fctzt\" \/>\n<meta property=\"og:url\" content=\"https:\/\/baymar.de\/en\/product\/paprika-edelsuess-hochrot\/\" \/>\n<meta property=\"og:site_name\" content=\"Baymar Gew\u00fcrze\" \/>\n<meta property=\"article:publisher\" content=\"https:\/\/www.facebook.com\/baymargewuerze\/?locale=de_DE\" \/>\n<meta property=\"article:modified_time\" content=\"2024-09-18T12:39:30+00:00\" \/>\n<meta property=\"og:image\" content=\"https:\/\/baymar.de\/wp-content\/uploads\/2024\/08\/paprikaedelsus-baymar-1.jpg\" \/>\n\t<meta property=\"og:image:width\" content=\"1200\" \/>\n\t<meta property=\"og:image:height\" content=\"1207\" \/>\n\t<meta property=\"og:image:type\" content=\"image\/jpeg\" \/>\n<meta name=\"twitter:card\" content=\"summary_large_image\" \/>\n<script type=\"application\/ld+json\" class=\"yoast-schema-graph\">{\"@context\":\"https:\/\/schema.org\",\"@graph\":[{\"@type\":\"WebPage\",\"@id\":\"https:\/\/baymar.de\/produkt\/paprika-edelsuess-hochrot\",\"url\":\"https:\/\/baymar.de\/produkt\/paprika-edelsuess-hochrot\",\"name\":\"Paprika Edels\u00fc\u00df hochrot - Baymar Gew\u00fcrze\",\"isPartOf\":{\"@id\":\"https:\/\/baymar.de\/#website\"},\"primaryImageOfPage\":{\"@id\":\"https:\/\/baymar.de\/produkt\/paprika-edelsuess-hochrot#primaryimage\"},\"image\":{\"@id\":\"https:\/\/baymar.de\/produkt\/paprika-edelsuess-hochrot#primaryimage\"},\"thumbnailUrl\":\"https:\/\/baymar.de\/wp-content\/uploads\/2024\/08\/paprikaedelsus-baymar-1.jpg\",\"datePublished\":\"2024-09-13T11:08:08+00:00\",\"dateModified\":\"2024-09-18T12:39:30+00:00\",\"breadcrumb\":{\"@id\":\"https:\/\/baymar.de\/produkt\/paprika-edelsuess-hochrot#breadcrumb\"},\"inLanguage\":\"en-US\",\"potentialAction\":[{\"@type\":\"ReadAction\",\"target\":[\"https:\/\/baymar.de\/produkt\/paprika-edelsuess-hochrot\"]}]},{\"@type\":\"ImageObject\",\"inLanguage\":\"en-US\",\"@id\":\"https:\/\/baymar.de\/produkt\/paprika-edelsuess-hochrot#primaryimage\",\"url\":\"https:\/\/baymar.de\/wp-content\/uploads\/2024\/08\/paprikaedelsus-baymar-1.jpg\",\"contentUrl\":\"https:\/\/baymar.de\/wp-content\/uploads\/2024\/08\/paprikaedelsus-baymar-1.jpg\",\"width\":1200,\"height\":1207,\"caption\":\"Paprika Edels\u00fc\u00df hochrot\"},{\"@type\":\"BreadcrumbList\",\"@id\":\"https:\/\/baymar.de\/produkt\/paprika-edelsuess-hochrot#breadcrumb\",\"itemListElement\":[{\"@type\":\"ListItem\",\"position\":1,\"name\":\"Startseite\",\"item\":\"https:\/\/baymar.de\/\"},{\"@type\":\"ListItem\",\"position\":2,\"name\":\"Produkte\",\"item\":\"https:\/\/baymar.de\/produkte-gewuerze-grosspackung-kaufen-baymar-gewuerze\"},{\"@type\":\"ListItem\",\"position\":3,\"name\":\"Paprika Edels\u00fc\u00df hochrot\"}]},{\"@type\":\"WebSite\",\"@id\":\"https:\/\/baymar.de\/#website\",\"url\":\"https:\/\/baymar.de\/\",\"name\":\"Baymar Gew\u00fcrze\",\"description\":\"\",\"publisher\":{\"@id\":\"https:\/\/baymar.de\/#organization\"},\"potentialAction\":[{\"@type\":\"SearchAction\",\"target\":{\"@type\":\"EntryPoint\",\"urlTemplate\":\"https:\/\/baymar.de\/?s={search_term_string}\"},\"query-input\":{\"@type\":\"PropertyValueSpecification\",\"valueRequired\":true,\"valueName\":\"search_term_string\"}}],\"inLanguage\":\"en-US\"},{\"@type\":\"Organization\",\"@id\":\"https:\/\/baymar.de\/#organization\",\"name\":\"Baymar Gew\u00fcrze GmbH\",\"url\":\"https:\/\/baymar.de\/\",\"logo\":{\"@type\":\"ImageObject\",\"inLanguage\":\"en-US\",\"@id\":\"https:\/\/baymar.de\/#\/schema\/logo\/image\/\",\"url\":\"https:\/\/baymar.de\/wp-content\/uploads\/2024\/08\/baymar-logo.png\",\"contentUrl\":\"https:\/\/baymar.de\/wp-content\/uploads\/2024\/08\/baymar-logo.png\",\"width\":300,\"height\":208,\"caption\":\"Baymar Gew\u00fcrze GmbH\"},\"image\":{\"@id\":\"https:\/\/baymar.de\/#\/schema\/logo\/image\/\"},\"sameAs\":[\"https:\/\/www.facebook.com\/baymargewuerze\/?locale=de_DE\",\"https:\/\/www.instagram.com\/baymar_gewuerze\/\"]}]}<\/script>\n<!-- \/ Yoast SEO plugin. -->","yoast_head_json":{"title":"Paprika Edels\u00fc\u00df hochrot - Baymar Gew\u00fcrze","robots":{"index":"index","follow":"follow","max-snippet":"max-snippet:-1","max-image-preview":"max-image-preview:large","max-video-preview":"max-video-preview:-1"},"canonical":"https:\/\/baymar.de\/en\/product\/paprika-edelsuess-hochrot\/","og_locale":"en_US","og_type":"article","og_title":"Paprika Edels\u00fc\u00df hochrot - Baymar Gew\u00fcrze","og_description":"Haltbarkeit: 18 Monate  Lagerung: k\u00fchl und trocken, lichtgesch\u00fctzt","og_url":"https:\/\/baymar.de\/en\/product\/paprika-edelsuess-hochrot\/","og_site_name":"Baymar Gew\u00fcrze","article_publisher":"https:\/\/www.facebook.com\/baymargewuerze\/?locale=de_DE","article_modified_time":"2024-09-18T12:39:30+00:00","og_image":[{"width":1200,"height":1207,"url":"https:\/\/baymar.de\/wp-content\/uploads\/2024\/08\/paprikaedelsus-baymar-1.jpg","type":"image\/jpeg"}],"twitter_card":"summary_large_image","schema":{"@context":"https:\/\/schema.org","@graph":[{"@type":"WebPage","@id":"https:\/\/baymar.de\/produkt\/paprika-edelsuess-hochrot","url":"https:\/\/baymar.de\/produkt\/paprika-edelsuess-hochrot","name":"Paprika Edels\u00fc\u00df hochrot - Baymar Gew\u00fcrze","isPartOf":{"@id":"https:\/\/baymar.de\/#website"},"primaryImageOfPage":{"@id":"https:\/\/baymar.de\/produkt\/paprika-edelsuess-hochrot#primaryimage"},"image":{"@id":"https:\/\/baymar.de\/produkt\/paprika-edelsuess-hochrot#primaryimage"},"thumbnailUrl":"https:\/\/baymar.de\/wp-content\/uploads\/2024\/08\/paprikaedelsus-baymar-1.jpg","datePublished":"2024-09-13T11:08:08+00:00","dateModified":"2024-09-18T12:39:30+00:00","breadcrumb":{"@id":"https:\/\/baymar.de\/produkt\/paprika-edelsuess-hochrot#breadcrumb"},"inLanguage":"en-US","potentialAction":[{"@type":"ReadAction","target":["https:\/\/baymar.de\/produkt\/paprika-edelsuess-hochrot"]}]},{"@type":"ImageObject","inLanguage":"en-US","@id":"https:\/\/baymar.de\/produkt\/paprika-edelsuess-hochrot#primaryimage","url":"https:\/\/baymar.de\/wp-content\/uploads\/2024\/08\/paprikaedelsus-baymar-1.jpg","contentUrl":"https:\/\/baymar.de\/wp-content\/uploads\/2024\/08\/paprikaedelsus-baymar-1.jpg","width":1200,"height":1207,"caption":"Paprika Edels\u00fc\u00df hochrot"},{"@type":"BreadcrumbList","@id":"https:\/\/baymar.de\/produkt\/paprika-edelsuess-hochrot#breadcrumb","itemListElement":[{"@type":"ListItem","position":1,"name":"Startseite","item":"https:\/\/baymar.de\/"},{"@type":"ListItem","position":2,"name":"Produkte","item":"https:\/\/baymar.de\/produkte-gewuerze-grosspackung-kaufen-baymar-gewuerze"},{"@type":"ListItem","position":3,"name":"Paprika Edels\u00fc\u00df hochrot"}]},{"@type":"WebSite","@id":"https:\/\/baymar.de\/#website","url":"https:\/\/baymar.de\/","name":"Baymar Gew\u00fcrze","description":"","publisher":{"@id":"https:\/\/baymar.de\/#organization"},"potentialAction":[{"@type":"SearchAction","target":{"@type":"EntryPoint","urlTemplate":"https:\/\/baymar.de\/?s={search_term_string}"},"query-input":{"@type":"PropertyValueSpecification","valueRequired":true,"valueName":"search_term_string"}}],"inLanguage":"en-US"},{"@type":"Organization","@id":"https:\/\/baymar.de\/#organization","name":"Baymar Gew\u00fcrze GmbH","url":"https:\/\/baymar.de\/","logo":{"@type":"ImageObject","inLanguage":"en-US","@id":"https:\/\/baymar.de\/#\/schema\/logo\/image\/","url":"https:\/\/baymar.de\/wp-content\/uploads\/2024\/08\/baymar-logo.png","contentUrl":"https:\/\/baymar.de\/wp-content\/uploads\/2024\/08\/baymar-logo.png","width":300,"height":208,"caption":"Baymar Gew\u00fcrze GmbH"},"image":{"@id":"https:\/\/baymar.de\/#\/schema\/logo\/image\/"},"sameAs":["https:\/\/www.facebook.com\/baymargewuerze\/?locale=de_DE","https:\/\/www.instagram.com\/baymar_gewuerze\/"]}]}},"_links":{"self":[{"href":"https:\/\/baymar.de\/en\/wp-json\/wp\/v2\/product\/913","targetHints":{"allow":["GET"]}}],"collection":[{"href":"https:\/\/baymar.de\/en\/wp-json\/wp\/v2\/product"}],"about":[{"href":"https:\/\/baymar.de\/en\/wp-json\/wp\/v2\/types\/product"}],"version-history":[{"count":3,"href":"https:\/\/baymar.de\/en\/wp-json\/wp\/v2\/product\/913\/revisions"}],"predecessor-version":[{"id":1025,"href":"https:\/\/baymar.de\/en\/wp-json\/wp\/v2\/product\/913\/revisions\/1025"}],"wp:featuredmedia":[{"embeddable":true,"href":"https:\/\/baymar.de\/en\/wp-json\/wp\/v2\/media\/793"}],"wp:attachment":[{"href":"https:\/\/baymar.de\/en\/wp-json\/wp\/v2\/media?parent=913"}],"wp:term":[{"taxonomy":"product_cat","embeddable":true,"href":"https:\/\/baymar.de\/en\/wp-json\/wp\/v2\/product_cat?post=913"},{"taxonomy":"product_tag","embeddable":true,"href":"https:\/\/baymar.de\/en\/wp-json\/wp\/v2\/product_tag?post=913"}],"curies":[{"name":"wp","href":"https:\/\/api.w.org\/{rel}","templated":true}]}}