{"id":830,"date":"2024-09-07T21:44:27","date_gmt":"2024-09-07T21:44:27","guid":{"rendered":"http:\/\/baymar.eu\/?post_type=product&#038;p=830"},"modified":"2024-09-07T21:51:34","modified_gmt":"2024-09-07T21:51:34","slug":"lorbeerblaetter","status":"publish","type":"product","link":"https:\/\/baymar.de\/en\/product\/lorbeerblaetter","title":{"rendered":"Lorbeerbl\u00e4tter"},"content":{"rendered":"<p>Lorbeerbl\u00e4tter sind seit fr\u00fchester Zeit bekannte Blattgew\u00fcrze f\u00fcr die K\u00fcche. Lorbeerbl\u00e4tter verstr\u00f6men ein angenehmes, s\u00fc\u00dfes Aroma, wenn sie Gerichten zugegeben werden. Verwelkte und getrocknete Bl\u00e4tter sind stark aromatisch \u2013 der Duft ist leicht blumig und \u00e4hnelt ein wenig Oregano und Thymian \u2013 und k\u00f6nnen monatelang gelagert werden.<\/p>\n<hr \/>\n<p><strong><u>Anwendung:<\/u><\/strong><\/p>\n<p>Getrocknete Lorbeerbl\u00e4tter werden in einer Vielzahl von Gerichten verwendet, darunter ethnische Gerichte wie die indische, asiatische und mediterrane K\u00fcche. Um das aromatische Aroma der Lorbeerbl\u00e4tter zu entfalten, geben Sie sie in Ihre Gerichte und entfernen Sie sie vor dem Servieren.<\/p>\n<p><strong><u>Lagerung:<\/u><\/strong><\/p>\n<p>In einem luftdichten Beh\u00e4lter an einem k\u00fchlen, trockenen Ort aufbewahren und direkte Sonneneinstrahlung vermeiden. In warmen Klimazonen wird eine K\u00fchlung empfohlen.<\/p>\n<p><strong><u>Haltbarkeit:<\/u><\/strong><\/p>\n<p>Bis zu 18 Monate bei Lagerung wie oben beschrieben. Siehe Mindesthaltbarkeitsdatum.<\/p>\n<p>Die Bilder dienen nur zur Veranschaulichung.<\/p>\n<div class=\"product_ingredents\">\n<p class=\"meta_title\">ZUTATEN<\/p>\n<p>&nbsp;<\/p>\n<p>Lorbeerbl\u00e4tter.<\/p>\n<p>&nbsp;<\/p>\n<\/div>\n<div class=\"component__product-origin\">\n<h4>PRODUKTHERKUNFT<\/h4>\n<div class=\"component-inner style-t4\"><span class=\"tagged_as\">Produkt aus der T\u00fcrkei<\/span><\/div>\n<\/div>\n<p>&nbsp;<\/p>\n<div class=\"two_col\">\n<div class=\"col\">\n<p class=\"meta_title\">Artikelnummer:<\/p>\n<p class=\"sku_wrapper\"><span class=\"sku\">80202<\/span><\/p>\n<\/div>\n<div class=\"col\">\n<p class=\"meta_title\">Kategorien:<\/p>\n<p><span class=\"posted_in\"><a href=\"https:\/\/shop.thesourcebulkfoods.com.au\/product-category\/herbs-spices\/\" rel=\"tag\">Kr\u00e4uter &amp; Gew\u00fcrze<\/a><a href=\"https:\/\/shop.thesourcebulkfoods.com.au\/product-category\/dietary-attributes\/paleo\/\" rel=\"tag\">Paleo<\/a><a href=\"https:\/\/shop.thesourcebulkfoods.com.au\/product-category\/dietary-attributes\/vegan-friendly\/\" rel=\"tag\">F\u00fcr Veganer geeignet<\/a><\/span><\/p>\n<\/div>\n<\/div>","protected":false},"excerpt":{"rendered":"<p>Lorbeerbl\u00e4tter sind seit fr\u00fchester Zeit bekannte Blattgew\u00fcrze f\u00fcr die K\u00fcche. Lorbeerbl\u00e4tter verstr\u00f6men ein angenehmes, s\u00fc\u00dfes Aroma, wenn sie Gerichten zugegeben werden. Verwelkte und getrocknete Bl\u00e4tter sind stark aromatisch \u2013 der Duft ist leicht blumig und \u00e4hnelt ein wenig Oregano und Thymian \u2013 und k\u00f6nnen monatelang gelagert werden. Anwendung: Getrocknete Lorbeerbl\u00e4tter werden in einer Vielzahl von [&hellip;]<\/p>","protected":false},"featured_media":831,"template":"","meta":[],"product_cat":[23],"product_tag":[],"class_list":{"0":"post-830","1":"product","2":"type-product","3":"status-publish","4":"has-post-thumbnail","6":"product_cat-gewuerze-und-saaten","8":"first","9":"instock","10":"shipping-taxable","11":"product-type-simple"},"yoast_head":"<!-- This site is optimized with the Yoast SEO plugin v24.0 - https:\/\/yoast.com\/wordpress\/plugins\/seo\/ -->\n<title>Lorbeerbl\u00e4tter - Baymar Gew\u00fcrze<\/title>\n<meta name=\"robots\" content=\"index, follow, max-snippet:-1, max-image-preview:large, max-video-preview:-1\" \/>\n<link rel=\"canonical\" href=\"https:\/\/baymar.de\/en\/product\/lorbeerblaetter\/\" \/>\n<meta property=\"og:locale\" content=\"en_US\" \/>\n<meta property=\"og:type\" content=\"article\" \/>\n<meta property=\"og:title\" content=\"Lorbeerbl\u00e4tter - Baymar Gew\u00fcrze\" \/>\n<meta property=\"og:description\" content=\"Lorbeerbl\u00e4tter sind seit fr\u00fchester Zeit bekannte Blattgew\u00fcrze f\u00fcr die K\u00fcche. Lorbeerbl\u00e4tter verstr\u00f6men ein angenehmes, s\u00fc\u00dfes Aroma, wenn sie Gerichten zugegeben werden. Verwelkte und getrocknete Bl\u00e4tter sind stark aromatisch \u2013 der Duft ist leicht blumig und \u00e4hnelt ein wenig Oregano und Thymian \u2013 und k\u00f6nnen monatelang gelagert werden. Anwendung: Getrocknete Lorbeerbl\u00e4tter werden in einer Vielzahl von [&hellip;]\" \/>\n<meta property=\"og:url\" content=\"https:\/\/baymar.de\/en\/product\/lorbeerblaetter\/\" \/>\n<meta property=\"og:site_name\" content=\"Baymar Gew\u00fcrze\" \/>\n<meta property=\"article:publisher\" content=\"https:\/\/www.facebook.com\/baymargewuerze\/?locale=de_DE\" \/>\n<meta property=\"article:modified_time\" content=\"2024-09-07T21:51:34+00:00\" \/>\n<meta property=\"og:image\" content=\"https:\/\/baymar.de\/wp-content\/uploads\/2024\/09\/80202_Bay-Leaves-shop-resize.jpg\" \/>\n\t<meta property=\"og:image:width\" content=\"900\" \/>\n\t<meta property=\"og:image:height\" content=\"720\" \/>\n\t<meta property=\"og:image:type\" content=\"image\/jpeg\" \/>\n<meta name=\"twitter:card\" content=\"summary_large_image\" \/>\n<meta name=\"twitter:label1\" content=\"Est. reading time\" \/>\n\t<meta name=\"twitter:data1\" content=\"1 minute\" \/>\n<script type=\"application\/ld+json\" class=\"yoast-schema-graph\">{\"@context\":\"https:\/\/schema.org\",\"@graph\":[{\"@type\":\"WebPage\",\"@id\":\"https:\/\/baymar.de\/produkt\/lorbeerblaetter\",\"url\":\"https:\/\/baymar.de\/produkt\/lorbeerblaetter\",\"name\":\"Lorbeerbl\u00e4tter - Baymar Gew\u00fcrze\",\"isPartOf\":{\"@id\":\"https:\/\/baymar.de\/#website\"},\"primaryImageOfPage\":{\"@id\":\"https:\/\/baymar.de\/produkt\/lorbeerblaetter#primaryimage\"},\"image\":{\"@id\":\"https:\/\/baymar.de\/produkt\/lorbeerblaetter#primaryimage\"},\"thumbnailUrl\":\"https:\/\/baymar.de\/wp-content\/uploads\/2024\/09\/80202_Bay-Leaves-shop-resize.jpg\",\"datePublished\":\"2024-09-07T21:44:27+00:00\",\"dateModified\":\"2024-09-07T21:51:34+00:00\",\"breadcrumb\":{\"@id\":\"https:\/\/baymar.de\/produkt\/lorbeerblaetter#breadcrumb\"},\"inLanguage\":\"en-US\",\"potentialAction\":[{\"@type\":\"ReadAction\",\"target\":[\"https:\/\/baymar.de\/produkt\/lorbeerblaetter\"]}]},{\"@type\":\"ImageObject\",\"inLanguage\":\"en-US\",\"@id\":\"https:\/\/baymar.de\/produkt\/lorbeerblaetter#primaryimage\",\"url\":\"https:\/\/baymar.de\/wp-content\/uploads\/2024\/09\/80202_Bay-Leaves-shop-resize.jpg\",\"contentUrl\":\"https:\/\/baymar.de\/wp-content\/uploads\/2024\/09\/80202_Bay-Leaves-shop-resize.jpg\",\"width\":900,\"height\":720},{\"@type\":\"BreadcrumbList\",\"@id\":\"https:\/\/baymar.de\/produkt\/lorbeerblaetter#breadcrumb\",\"itemListElement\":[{\"@type\":\"ListItem\",\"position\":1,\"name\":\"Startseite\",\"item\":\"https:\/\/baymar.de\/\"},{\"@type\":\"ListItem\",\"position\":2,\"name\":\"Produkte\",\"item\":\"https:\/\/baymar.de\/produkte-gewuerze-grosspackung-kaufen-baymar-gewuerze\"},{\"@type\":\"ListItem\",\"position\":3,\"name\":\"Lorbeerbl\u00e4tter\"}]},{\"@type\":\"WebSite\",\"@id\":\"https:\/\/baymar.de\/#website\",\"url\":\"https:\/\/baymar.de\/\",\"name\":\"Baymar Gew\u00fcrze\",\"description\":\"\",\"publisher\":{\"@id\":\"https:\/\/baymar.de\/#organization\"},\"potentialAction\":[{\"@type\":\"SearchAction\",\"target\":{\"@type\":\"EntryPoint\",\"urlTemplate\":\"https:\/\/baymar.de\/?s={search_term_string}\"},\"query-input\":{\"@type\":\"PropertyValueSpecification\",\"valueRequired\":true,\"valueName\":\"search_term_string\"}}],\"inLanguage\":\"en-US\"},{\"@type\":\"Organization\",\"@id\":\"https:\/\/baymar.de\/#organization\",\"name\":\"Baymar Gew\u00fcrze GmbH\",\"url\":\"https:\/\/baymar.de\/\",\"logo\":{\"@type\":\"ImageObject\",\"inLanguage\":\"en-US\",\"@id\":\"https:\/\/baymar.de\/#\/schema\/logo\/image\/\",\"url\":\"https:\/\/baymar.de\/wp-content\/uploads\/2024\/08\/baymar-logo.png\",\"contentUrl\":\"https:\/\/baymar.de\/wp-content\/uploads\/2024\/08\/baymar-logo.png\",\"width\":300,\"height\":208,\"caption\":\"Baymar Gew\u00fcrze GmbH\"},\"image\":{\"@id\":\"https:\/\/baymar.de\/#\/schema\/logo\/image\/\"},\"sameAs\":[\"https:\/\/www.facebook.com\/baymargewuerze\/?locale=de_DE\",\"https:\/\/www.instagram.com\/baymar_gewuerze\/\"]}]}<\/script>\n<!-- \/ Yoast SEO plugin. -->","yoast_head_json":{"title":"Lorbeerbl\u00e4tter - Baymar Gew\u00fcrze","robots":{"index":"index","follow":"follow","max-snippet":"max-snippet:-1","max-image-preview":"max-image-preview:large","max-video-preview":"max-video-preview:-1"},"canonical":"https:\/\/baymar.de\/en\/product\/lorbeerblaetter\/","og_locale":"en_US","og_type":"article","og_title":"Lorbeerbl\u00e4tter - Baymar Gew\u00fcrze","og_description":"Lorbeerbl\u00e4tter sind seit fr\u00fchester Zeit bekannte Blattgew\u00fcrze f\u00fcr die K\u00fcche. Lorbeerbl\u00e4tter verstr\u00f6men ein angenehmes, s\u00fc\u00dfes Aroma, wenn sie Gerichten zugegeben werden. Verwelkte und getrocknete Bl\u00e4tter sind stark aromatisch \u2013 der Duft ist leicht blumig und \u00e4hnelt ein wenig Oregano und Thymian \u2013 und k\u00f6nnen monatelang gelagert werden. Anwendung: Getrocknete Lorbeerbl\u00e4tter werden in einer Vielzahl von [&hellip;]","og_url":"https:\/\/baymar.de\/en\/product\/lorbeerblaetter\/","og_site_name":"Baymar Gew\u00fcrze","article_publisher":"https:\/\/www.facebook.com\/baymargewuerze\/?locale=de_DE","article_modified_time":"2024-09-07T21:51:34+00:00","og_image":[{"width":900,"height":720,"url":"https:\/\/baymar.de\/wp-content\/uploads\/2024\/09\/80202_Bay-Leaves-shop-resize.jpg","type":"image\/jpeg"}],"twitter_card":"summary_large_image","twitter_misc":{"Est. reading time":"1 minute"},"schema":{"@context":"https:\/\/schema.org","@graph":[{"@type":"WebPage","@id":"https:\/\/baymar.de\/produkt\/lorbeerblaetter","url":"https:\/\/baymar.de\/produkt\/lorbeerblaetter","name":"Lorbeerbl\u00e4tter - Baymar Gew\u00fcrze","isPartOf":{"@id":"https:\/\/baymar.de\/#website"},"primaryImageOfPage":{"@id":"https:\/\/baymar.de\/produkt\/lorbeerblaetter#primaryimage"},"image":{"@id":"https:\/\/baymar.de\/produkt\/lorbeerblaetter#primaryimage"},"thumbnailUrl":"https:\/\/baymar.de\/wp-content\/uploads\/2024\/09\/80202_Bay-Leaves-shop-resize.jpg","datePublished":"2024-09-07T21:44:27+00:00","dateModified":"2024-09-07T21:51:34+00:00","breadcrumb":{"@id":"https:\/\/baymar.de\/produkt\/lorbeerblaetter#breadcrumb"},"inLanguage":"en-US","potentialAction":[{"@type":"ReadAction","target":["https:\/\/baymar.de\/produkt\/lorbeerblaetter"]}]},{"@type":"ImageObject","inLanguage":"en-US","@id":"https:\/\/baymar.de\/produkt\/lorbeerblaetter#primaryimage","url":"https:\/\/baymar.de\/wp-content\/uploads\/2024\/09\/80202_Bay-Leaves-shop-resize.jpg","contentUrl":"https:\/\/baymar.de\/wp-content\/uploads\/2024\/09\/80202_Bay-Leaves-shop-resize.jpg","width":900,"height":720},{"@type":"BreadcrumbList","@id":"https:\/\/baymar.de\/produkt\/lorbeerblaetter#breadcrumb","itemListElement":[{"@type":"ListItem","position":1,"name":"Startseite","item":"https:\/\/baymar.de\/"},{"@type":"ListItem","position":2,"name":"Produkte","item":"https:\/\/baymar.de\/produkte-gewuerze-grosspackung-kaufen-baymar-gewuerze"},{"@type":"ListItem","position":3,"name":"Lorbeerbl\u00e4tter"}]},{"@type":"WebSite","@id":"https:\/\/baymar.de\/#website","url":"https:\/\/baymar.de\/","name":"Baymar Gew\u00fcrze","description":"","publisher":{"@id":"https:\/\/baymar.de\/#organization"},"potentialAction":[{"@type":"SearchAction","target":{"@type":"EntryPoint","urlTemplate":"https:\/\/baymar.de\/?s={search_term_string}"},"query-input":{"@type":"PropertyValueSpecification","valueRequired":true,"valueName":"search_term_string"}}],"inLanguage":"en-US"},{"@type":"Organization","@id":"https:\/\/baymar.de\/#organization","name":"Baymar Gew\u00fcrze GmbH","url":"https:\/\/baymar.de\/","logo":{"@type":"ImageObject","inLanguage":"en-US","@id":"https:\/\/baymar.de\/#\/schema\/logo\/image\/","url":"https:\/\/baymar.de\/wp-content\/uploads\/2024\/08\/baymar-logo.png","contentUrl":"https:\/\/baymar.de\/wp-content\/uploads\/2024\/08\/baymar-logo.png","width":300,"height":208,"caption":"Baymar Gew\u00fcrze GmbH"},"image":{"@id":"https:\/\/baymar.de\/#\/schema\/logo\/image\/"},"sameAs":["https:\/\/www.facebook.com\/baymargewuerze\/?locale=de_DE","https:\/\/www.instagram.com\/baymar_gewuerze\/"]}]}},"_links":{"self":[{"href":"https:\/\/baymar.de\/en\/wp-json\/wp\/v2\/product\/830","targetHints":{"allow":["GET"]}}],"collection":[{"href":"https:\/\/baymar.de\/en\/wp-json\/wp\/v2\/product"}],"about":[{"href":"https:\/\/baymar.de\/en\/wp-json\/wp\/v2\/types\/product"}],"version-history":[{"count":3,"href":"https:\/\/baymar.de\/en\/wp-json\/wp\/v2\/product\/830\/revisions"}],"predecessor-version":[{"id":834,"href":"https:\/\/baymar.de\/en\/wp-json\/wp\/v2\/product\/830\/revisions\/834"}],"wp:featuredmedia":[{"embeddable":true,"href":"https:\/\/baymar.de\/en\/wp-json\/wp\/v2\/media\/831"}],"wp:attachment":[{"href":"https:\/\/baymar.de\/en\/wp-json\/wp\/v2\/media?parent=830"}],"wp:term":[{"taxonomy":"product_cat","embeddable":true,"href":"https:\/\/baymar.de\/en\/wp-json\/wp\/v2\/product_cat?post=830"},{"taxonomy":"product_tag","embeddable":true,"href":"https:\/\/baymar.de\/en\/wp-json\/wp\/v2\/product_tag?post=830"}],"curies":[{"name":"wp","href":"https:\/\/api.w.org\/{rel}","templated":true}]}}