{"id":315,"date":"2024-08-22T07:03:01","date_gmt":"2024-08-22T07:03:01","guid":{"rendered":"http:\/\/baymar.eu\/?post_type=product&#038;p=315"},"modified":"2024-09-07T13:25:33","modified_gmt":"2024-09-07T13:25:33","slug":"zimt-gemahlen","status":"publish","type":"product","link":"https:\/\/baymar.de\/en\/product\/zimt-gemahlen","title":{"rendered":"Ground cinnamon"},"content":{"rendered":"<div class=\"col-lg-4\">\n<div class=\"prod-d\">\n<p>Zimt ist ein Gew\u00fcrz, das aus der inneren Rinde verschiedener Baumarten aus der Familie der Zimtgew\u00e4chse gewonnen wird. Dieser gemahlene Cassia-Zimt stammt von einer Sorte eines immergr\u00fcnen Baumes (<em>Cinnamon cassia<\/em>), der urspr\u00fcnglich aus China stammt, heute aber in Asien weit verbreitet ist. Zimt wird seit Jahrzenten auf der ganzen Welt als Gew\u00fcrz verwendet; es gibt Belege daf\u00fcr, dass er bereits im alten \u00c4gypten verwendet wurde. Zimt wird wegen seiner aromatischen Eigenschaften sehr gesch\u00e4tzt. Er hat einen s\u00fc\u00dfen, leicht holzigen Geschmack und Geruch. Dieses vielseitige Gew\u00fcrz ist k\u00f6stlich in Getr\u00e4nken, herzhaften Gerichten, Backwaren und Desserts.<\/p>\n<h2>Verwendung<\/h2>\n<p>Die duftende S\u00fc\u00dfe von Zimt wird h\u00e4ufig in Gew\u00fcrzmischungen, s\u00fc\u00dfen oder herzhaften Rezepten und hei\u00dfen oder kalten Getr\u00e4nken verwendet. F\u00fcgen Sie Zimt gemahlen zu Smoothies, Brei, Joghurt, Acai-Schalen, Pfannkuchen, Waffeln und French Toast hinzu. Verwenden Sie ihn in Obstkompott, Pudding und selbstgebackenen Speisen oder f\u00fcgen Sie ihn rohen Leckereien und Schokolade hinzu. Zimt ist eine gro\u00dfartige Zutat f\u00fcr Currys und Eint\u00f6pfe, Marinaden und W\u00fcrzmittel. Zimt ist eine wichtige Zutat f\u00fcr Chai-Tee und schmeckt auch k\u00f6stlich in hei\u00dfer Schokolade oder Kaffee anstelle von Zucker.<\/p>\n<\/div>\n<p>Mit gemahlenem Zimt von Baymar Gew\u00fcrze schaffen Sie eine s\u00fc\u00dfe und warme Atmosph\u00e4re in Ihrer K\u00fcche und verleihen Ihren Speisen und Getr\u00e4nken eine endlose Tiefe!<\/p>\n<\/div>\n<div class=\"col-lg-4\">\n<div class=\"prod-l\">\n<h2>Nutritional values per 100g<\/h2>\n<table>\n<tbody class=\"energy\">\n<tr>\n<td class=\"xl68\" height=\"20\">Energy:<\/td>\n<td class=\"xl67\">272 kcal \/ 1142 kj<\/td>\n<\/tr>\n<tr>\n<td class=\"xl68\" height=\"20\">fat:<\/td>\n<td class=\"xl67\">3 g<\/td>\n<\/tr>\n<tr>\n<td class=\"xl68\" height=\"20\">of which saturated fat:<\/td>\n<td class=\"xl67\">0,9 g<\/td>\n<\/tr>\n<tr>\n<td class=\"xl68\" height=\"20\">Carbohydrates:<\/td>\n<td class=\"xl67\">56 g<\/td>\n<\/tr>\n<tr>\n<td class=\"xl68\" height=\"20\">of which sugars:<\/td>\n<td class=\"xl67\">55,4 g<\/td>\n<\/tr>\n<tr>\n<td class=\"xl68\" height=\"20\">Protein:<\/td>\n<td class=\"xl67\">4 g<\/td>\n<\/tr>\n<tr>\n<td class=\"xl68\" height=\"20\">Satl:<\/td>\n<td class=\"xl67\">0,2 g<\/td>\n<\/tr>\n<\/tbody>\n<\/table>\n<\/div>\n<\/div>","protected":false},"excerpt":{"rendered":"<p>Shelf life: 18 months<\/p>\n<p>Storage: cool and dry, protected from light<\/p>","protected":false},"featured_media":821,"template":"","meta":[],"product_cat":[23],"product_tag":[],"class_list":{"0":"post-315","1":"product","2":"type-product","3":"status-publish","4":"has-post-thumbnail","6":"product_cat-gewuerze-und-saaten","8":"first","9":"instock","10":"shipping-taxable","11":"product-type-simple"},"yoast_head":"<!-- This site is optimized with the Yoast SEO plugin v24.0 - https:\/\/yoast.com\/wordpress\/plugins\/seo\/ -->\n<title>Zimt gemahlen - Baymar Gew\u00fcrze<\/title>\n<meta name=\"robots\" content=\"index, follow, max-snippet:-1, max-image-preview:large, max-video-preview:-1\" \/>\n<link rel=\"canonical\" href=\"https:\/\/baymar.de\/en\/product\/zimt-gemahlen\/\" \/>\n<meta property=\"og:locale\" content=\"en_US\" \/>\n<meta property=\"og:type\" content=\"article\" \/>\n<meta property=\"og:title\" content=\"Zimt gemahlen - Baymar Gew\u00fcrze\" \/>\n<meta property=\"og:description\" content=\"Haltbarkeit : 18 Monate  Lagerung : k\u00fchl und trocken, lichtgesch\u00fctzt\" \/>\n<meta property=\"og:url\" content=\"https:\/\/baymar.de\/en\/product\/zimt-gemahlen\/\" \/>\n<meta property=\"og:site_name\" content=\"Baymar Gew\u00fcrze\" \/>\n<meta property=\"article:publisher\" content=\"https:\/\/www.facebook.com\/baymargewuerze\/?locale=de_DE\" \/>\n<meta property=\"article:modified_time\" content=\"2024-09-07T13:25:33+00:00\" \/>\n<meta property=\"og:image\" content=\"https:\/\/baymar.de\/wp-content\/uploads\/2024\/08\/zimtgemahlen-baymar.jpg\" \/>\n\t<meta property=\"og:image:width\" content=\"1200\" \/>\n\t<meta property=\"og:image:height\" content=\"1207\" \/>\n\t<meta property=\"og:image:type\" content=\"image\/jpeg\" \/>\n<meta name=\"twitter:card\" content=\"summary_large_image\" \/>\n<meta name=\"twitter:label1\" content=\"Est. reading time\" \/>\n\t<meta name=\"twitter:data1\" content=\"1 minute\" \/>\n<script type=\"application\/ld+json\" class=\"yoast-schema-graph\">{\"@context\":\"https:\/\/schema.org\",\"@graph\":[{\"@type\":\"WebPage\",\"@id\":\"https:\/\/baymar.de\/produkt\/zimt-gemahlen\",\"url\":\"https:\/\/baymar.de\/produkt\/zimt-gemahlen\",\"name\":\"Zimt gemahlen - Baymar Gew\u00fcrze\",\"isPartOf\":{\"@id\":\"https:\/\/baymar.de\/#website\"},\"primaryImageOfPage\":{\"@id\":\"https:\/\/baymar.de\/produkt\/zimt-gemahlen#primaryimage\"},\"image\":{\"@id\":\"https:\/\/baymar.de\/produkt\/zimt-gemahlen#primaryimage\"},\"thumbnailUrl\":\"https:\/\/baymar.de\/wp-content\/uploads\/2024\/08\/zimtgemahlen-baymar.jpg\",\"datePublished\":\"2024-08-22T07:03:01+00:00\",\"dateModified\":\"2024-09-07T13:25:33+00:00\",\"breadcrumb\":{\"@id\":\"https:\/\/baymar.de\/produkt\/zimt-gemahlen#breadcrumb\"},\"inLanguage\":\"en-US\",\"potentialAction\":[{\"@type\":\"ReadAction\",\"target\":[\"https:\/\/baymar.de\/produkt\/zimt-gemahlen\"]}]},{\"@type\":\"ImageObject\",\"inLanguage\":\"en-US\",\"@id\":\"https:\/\/baymar.de\/produkt\/zimt-gemahlen#primaryimage\",\"url\":\"https:\/\/baymar.de\/wp-content\/uploads\/2024\/08\/zimtgemahlen-baymar.jpg\",\"contentUrl\":\"https:\/\/baymar.de\/wp-content\/uploads\/2024\/08\/zimtgemahlen-baymar.jpg\",\"width\":1200,\"height\":1207,\"caption\":\"Zimt gemahlen\"},{\"@type\":\"BreadcrumbList\",\"@id\":\"https:\/\/baymar.de\/produkt\/zimt-gemahlen#breadcrumb\",\"itemListElement\":[{\"@type\":\"ListItem\",\"position\":1,\"name\":\"Startseite\",\"item\":\"https:\/\/baymar.de\/\"},{\"@type\":\"ListItem\",\"position\":2,\"name\":\"Produkte\",\"item\":\"https:\/\/baymar.de\/produkte-gewuerze-grosspackung-kaufen-baymar-gewuerze\"},{\"@type\":\"ListItem\",\"position\":3,\"name\":\"Zimt gemahlen\"}]},{\"@type\":\"WebSite\",\"@id\":\"https:\/\/baymar.de\/#website\",\"url\":\"https:\/\/baymar.de\/\",\"name\":\"Baymar Gew\u00fcrze\",\"description\":\"\",\"publisher\":{\"@id\":\"https:\/\/baymar.de\/#organization\"},\"potentialAction\":[{\"@type\":\"SearchAction\",\"target\":{\"@type\":\"EntryPoint\",\"urlTemplate\":\"https:\/\/baymar.de\/?s={search_term_string}\"},\"query-input\":{\"@type\":\"PropertyValueSpecification\",\"valueRequired\":true,\"valueName\":\"search_term_string\"}}],\"inLanguage\":\"en-US\"},{\"@type\":\"Organization\",\"@id\":\"https:\/\/baymar.de\/#organization\",\"name\":\"Baymar Gew\u00fcrze GmbH\",\"url\":\"https:\/\/baymar.de\/\",\"logo\":{\"@type\":\"ImageObject\",\"inLanguage\":\"en-US\",\"@id\":\"https:\/\/baymar.de\/#\/schema\/logo\/image\/\",\"url\":\"https:\/\/baymar.de\/wp-content\/uploads\/2024\/08\/baymar-logo.png\",\"contentUrl\":\"https:\/\/baymar.de\/wp-content\/uploads\/2024\/08\/baymar-logo.png\",\"width\":300,\"height\":208,\"caption\":\"Baymar Gew\u00fcrze GmbH\"},\"image\":{\"@id\":\"https:\/\/baymar.de\/#\/schema\/logo\/image\/\"},\"sameAs\":[\"https:\/\/www.facebook.com\/baymargewuerze\/?locale=de_DE\",\"https:\/\/www.instagram.com\/baymar_gewuerze\/\"]}]}<\/script>\n<!-- \/ Yoast SEO plugin. -->","yoast_head_json":{"title":"Zimt gemahlen - Baymar Gew\u00fcrze","robots":{"index":"index","follow":"follow","max-snippet":"max-snippet:-1","max-image-preview":"max-image-preview:large","max-video-preview":"max-video-preview:-1"},"canonical":"https:\/\/baymar.de\/en\/product\/zimt-gemahlen\/","og_locale":"en_US","og_type":"article","og_title":"Zimt gemahlen - Baymar Gew\u00fcrze","og_description":"Haltbarkeit : 18 Monate  Lagerung : k\u00fchl und trocken, lichtgesch\u00fctzt","og_url":"https:\/\/baymar.de\/en\/product\/zimt-gemahlen\/","og_site_name":"Baymar Gew\u00fcrze","article_publisher":"https:\/\/www.facebook.com\/baymargewuerze\/?locale=de_DE","article_modified_time":"2024-09-07T13:25:33+00:00","og_image":[{"width":1200,"height":1207,"url":"https:\/\/baymar.de\/wp-content\/uploads\/2024\/08\/zimtgemahlen-baymar.jpg","type":"image\/jpeg"}],"twitter_card":"summary_large_image","twitter_misc":{"Est. reading time":"1 minute"},"schema":{"@context":"https:\/\/schema.org","@graph":[{"@type":"WebPage","@id":"https:\/\/baymar.de\/produkt\/zimt-gemahlen","url":"https:\/\/baymar.de\/produkt\/zimt-gemahlen","name":"Zimt gemahlen - Baymar Gew\u00fcrze","isPartOf":{"@id":"https:\/\/baymar.de\/#website"},"primaryImageOfPage":{"@id":"https:\/\/baymar.de\/produkt\/zimt-gemahlen#primaryimage"},"image":{"@id":"https:\/\/baymar.de\/produkt\/zimt-gemahlen#primaryimage"},"thumbnailUrl":"https:\/\/baymar.de\/wp-content\/uploads\/2024\/08\/zimtgemahlen-baymar.jpg","datePublished":"2024-08-22T07:03:01+00:00","dateModified":"2024-09-07T13:25:33+00:00","breadcrumb":{"@id":"https:\/\/baymar.de\/produkt\/zimt-gemahlen#breadcrumb"},"inLanguage":"en-US","potentialAction":[{"@type":"ReadAction","target":["https:\/\/baymar.de\/produkt\/zimt-gemahlen"]}]},{"@type":"ImageObject","inLanguage":"en-US","@id":"https:\/\/baymar.de\/produkt\/zimt-gemahlen#primaryimage","url":"https:\/\/baymar.de\/wp-content\/uploads\/2024\/08\/zimtgemahlen-baymar.jpg","contentUrl":"https:\/\/baymar.de\/wp-content\/uploads\/2024\/08\/zimtgemahlen-baymar.jpg","width":1200,"height":1207,"caption":"Zimt gemahlen"},{"@type":"BreadcrumbList","@id":"https:\/\/baymar.de\/produkt\/zimt-gemahlen#breadcrumb","itemListElement":[{"@type":"ListItem","position":1,"name":"Startseite","item":"https:\/\/baymar.de\/"},{"@type":"ListItem","position":2,"name":"Produkte","item":"https:\/\/baymar.de\/produkte-gewuerze-grosspackung-kaufen-baymar-gewuerze"},{"@type":"ListItem","position":3,"name":"Zimt gemahlen"}]},{"@type":"WebSite","@id":"https:\/\/baymar.de\/#website","url":"https:\/\/baymar.de\/","name":"Baymar Gew\u00fcrze","description":"","publisher":{"@id":"https:\/\/baymar.de\/#organization"},"potentialAction":[{"@type":"SearchAction","target":{"@type":"EntryPoint","urlTemplate":"https:\/\/baymar.de\/?s={search_term_string}"},"query-input":{"@type":"PropertyValueSpecification","valueRequired":true,"valueName":"search_term_string"}}],"inLanguage":"en-US"},{"@type":"Organization","@id":"https:\/\/baymar.de\/#organization","name":"Baymar Gew\u00fcrze GmbH","url":"https:\/\/baymar.de\/","logo":{"@type":"ImageObject","inLanguage":"en-US","@id":"https:\/\/baymar.de\/#\/schema\/logo\/image\/","url":"https:\/\/baymar.de\/wp-content\/uploads\/2024\/08\/baymar-logo.png","contentUrl":"https:\/\/baymar.de\/wp-content\/uploads\/2024\/08\/baymar-logo.png","width":300,"height":208,"caption":"Baymar Gew\u00fcrze GmbH"},"image":{"@id":"https:\/\/baymar.de\/#\/schema\/logo\/image\/"},"sameAs":["https:\/\/www.facebook.com\/baymargewuerze\/?locale=de_DE","https:\/\/www.instagram.com\/baymar_gewuerze\/"]}]}},"_links":{"self":[{"href":"https:\/\/baymar.de\/en\/wp-json\/wp\/v2\/product\/315","targetHints":{"allow":["GET"]}}],"collection":[{"href":"https:\/\/baymar.de\/en\/wp-json\/wp\/v2\/product"}],"about":[{"href":"https:\/\/baymar.de\/en\/wp-json\/wp\/v2\/types\/product"}],"version-history":[{"count":6,"href":"https:\/\/baymar.de\/en\/wp-json\/wp\/v2\/product\/315\/revisions"}],"predecessor-version":[{"id":829,"href":"https:\/\/baymar.de\/en\/wp-json\/wp\/v2\/product\/315\/revisions\/829"}],"wp:featuredmedia":[{"embeddable":true,"href":"https:\/\/baymar.de\/en\/wp-json\/wp\/v2\/media\/821"}],"wp:attachment":[{"href":"https:\/\/baymar.de\/en\/wp-json\/wp\/v2\/media?parent=315"}],"wp:term":[{"taxonomy":"product_cat","embeddable":true,"href":"https:\/\/baymar.de\/en\/wp-json\/wp\/v2\/product_cat?post=315"},{"taxonomy":"product_tag","embeddable":true,"href":"https:\/\/baymar.de\/en\/wp-json\/wp\/v2\/product_tag?post=315"}],"curies":[{"name":"wp","href":"https:\/\/api.w.org\/{rel}","templated":true}]}}