{"id":84,"date":"2024-08-18T07:03:26","date_gmt":"2024-08-18T07:03:26","guid":{"rendered":"http:\/\/baymar.eu\/?page_id=84"},"modified":"2024-11-09T21:46:17","modified_gmt":"2024-11-09T21:46:17","slug":"ueber-uns","status":"publish","type":"page","link":"https:\/\/baymar.de\/en\/ueber-uns","title":{"rendered":"About Us"},"content":{"rendered":"<div data-elementor-type=\"wp-page\" data-elementor-id=\"84\" class=\"elementor elementor-84\" data-elementor-post-type=\"page\">\n\t\t\t\t<div class=\"elementor-element elementor-element-3aacae8e e-flex e-con-boxed e-con e-parent\" data-id=\"3aacae8e\" data-element_type=\"container\" data-settings=\"{&quot;background_background&quot;:&quot;classic&quot;}\">\n\t\t\t\t\t<div class=\"e-con-inner\">\n\t\t<div class=\"elementor-element elementor-element-1ae1f440 e-con-full e-flex e-con e-child\" data-id=\"1ae1f440\" data-element_type=\"container\">\n\t\t\t\t<div class=\"elementor-element elementor-element-12218022 animated-slow elementor-invisible elementor-widget elementor-widget-heading\" data-id=\"12218022\" data-element_type=\"widget\" data-settings=\"{&quot;_animation_delay&quot;:200,&quot;_animation&quot;:&quot;slideInUp&quot;}\" data-widget_type=\"heading.default\">\n\t\t\t\t<div class=\"elementor-widget-container\">\n\t\t\t<h2 class=\"elementor-heading-title elementor-size-default\">About Us\n<\/h2>\t\t<\/div>\n\t\t\t\t<\/div>\n\t\t\t\t<\/div>\n\t\t\t\t\t<\/div>\n\t\t\t\t<\/div>\n\t\t<div class=\"elementor-element elementor-element-5d610563 e-flex e-con-boxed e-con e-parent\" data-id=\"5d610563\" data-element_type=\"container\">\n\t\t\t\t\t<div class=\"e-con-inner\">\n\t\t<div class=\"elementor-element elementor-element-4be1cca6 e-con-full e-flex e-con e-child\" data-id=\"4be1cca6\" data-element_type=\"container\">\n\t\t<div class=\"elementor-element elementor-element-7b9cb2db e-flex e-con-boxed e-con e-child\" data-id=\"7b9cb2db\" data-element_type=\"container\">\n\t\t\t\t\t<div class=\"e-con-inner\">\n\t\t\t\t<div class=\"elementor-element elementor-element-67376e52 elementor-widget__width-initial elementor-view-default elementor-widget elementor-widget-icon\" data-id=\"67376e52\" data-element_type=\"widget\" data-widget_type=\"icon.default\">\n\t\t\t\t<div class=\"elementor-widget-container\">\n\t\t\t\t\t<div class=\"elementor-icon-wrapper\">\n\t\t\t<div class=\"elementor-icon\">\n\t\t\t<i aria-hidden=\"true\" class=\"icon icon-minus\"><\/i>\t\t\t<\/div>\n\t\t<\/div>\n\t\t\t\t<\/div>\n\t\t\t\t<\/div>\n\t\t<div class=\"elementor-element elementor-element-509e5953 e-con-full e-flex e-con e-child\" data-id=\"509e5953\" data-element_type=\"container\">\n\t\t\t\t<div class=\"elementor-element elementor-element-670829ef elementor-widget__width-initial elementor-widget elementor-widget-text-editor\" data-id=\"670829ef\" data-element_type=\"widget\" data-widget_type=\"text-editor.default\">\n\t\t\t\t<div class=\"elementor-widget-container\">\n\t\t\t\t\t\t\t<h3>Baymar Gew\u00fcrze<\/h3>\t\t\t\t\t\t<\/div>\n\t\t\t\t<\/div>\n\t\t\t\t<div class=\"elementor-element elementor-element-23ad49e3 elementor-widget elementor-widget-text-editor\" data-id=\"23ad49e3\" data-element_type=\"widget\" data-widget_type=\"text-editor.default\">\n\t\t\t\t<div class=\"elementor-widget-container\">\n\t\t\t\t\t\t\t<p>Welcome to Baymar Spices, your reliable partner in spice wholesale! Since our founding in 2013, we have been committed to producing and distributing high-quality spices that enrich your kitchen with unique flavors. With our wide range of products and flexible packaging solutions\u2014from 50 grams to 25 kilograms\u2014we offer something suitable for every need.<\/p><p>Our spices are freshly ground in our own mills and meet the highest quality standards. As a spice wholesaler, we develop custom blends tailored specifically to our customers' needs, always ensuring maximum freshness and unparalleled flavor.<\/p><p>Thanks to our global supply chain, we import the best raw materials from around the world and export our products throughout Europe. We operate according to the highest European and German quality standards and are dedicated to consistently exceeding our customers' expectations in quality, service, and price.<\/p><p>Vertrauen Sie auf Baymar Gew\u00fcrze \u2013 Ihr Partner im Gew\u00fcrze Gro\u00dfhandel f\u00fcr Qualit\u00e4t und Geschmack. Lassen Sie uns gemeinsam kulinarische Erlebnisse schaffen!<\/p><p>Baymar Spices \u2013 The Taste of Trust.<\/p>\t\t\t\t\t\t<\/div>\n\t\t\t\t<\/div>\n\t\t\t\t<div class=\"elementor-element elementor-element-6f5ae0cf elementor-align-left elementor-widget__width-initial elementor-widget elementor-widget-button\" data-id=\"6f5ae0cf\" data-element_type=\"widget\" data-widget_type=\"button.default\">\n\t\t\t\t<div class=\"elementor-widget-container\">\n\t\t\t\t\t\t\t<div class=\"elementor-button-wrapper\">\n\t\t\t\t\t<a class=\"elementor-button elementor-button-link elementor-size-sm\" href=\"\/en\/produkte\/\">\n\t\t\t\t\t\t<span class=\"elementor-button-content-wrapper\">\n\t\t\t\t\t\t\t\t\t<span class=\"elementor-button-text\">OUR PRODUCTS<\/span>\n\t\t\t\t\t<\/span>\n\t\t\t\t\t<\/a>\n\t\t\t\t<\/div>\n\t\t\t\t\t\t<\/div>\n\t\t\t\t<\/div>\n\t\t\t\t<\/div>\n\t\t\t\t\t<\/div>\n\t\t\t\t<\/div>\n\t\t\t\t<\/div>\n\t\t<div class=\"elementor-element elementor-element-2f0b7060 e-con-full e-flex e-con e-child\" data-id=\"2f0b7060\" data-element_type=\"container\">\n\t\t<div class=\"elementor-element elementor-element-5288db42 e-con-full e-flex e-con e-child\" data-id=\"5288db42\" data-element_type=\"container\" data-settings=\"{&quot;background_background&quot;:&quot;classic&quot;}\">\n\t\t\t\t<div class=\"elementor-element elementor-element-d0b4556 elementor-widget elementor-widget-image\" data-id=\"d0b4556\" data-element_type=\"widget\" data-widget_type=\"image.default\">\n\t\t\t\t<div class=\"elementor-widget-container\">\n\t\t\t\t\t\t\t\t\t\t\t\t\t<img fetchpriority=\"high\" decoding=\"async\" width=\"512\" height=\"512\" src=\"https:\/\/baymar.de\/wp-content\/uploads\/2024\/08\/cropped-Adsiz-tasarim-2024-08-25T105130.546.png\" class=\"attachment-large size-large wp-image-446\" alt=\"cropped-Adsiz-tasarim-2024-08-25T105130.546.png\" srcset=\"https:\/\/baymar.de\/wp-content\/uploads\/2024\/08\/cropped-Adsiz-tasarim-2024-08-25T105130.546.png 512w, https:\/\/baymar.de\/wp-content\/uploads\/2024\/08\/cropped-Adsiz-tasarim-2024-08-25T105130.546-300x300.png 300w, https:\/\/baymar.de\/wp-content\/uploads\/2024\/08\/cropped-Adsiz-tasarim-2024-08-25T105130.546-150x150.png 150w, https:\/\/baymar.de\/wp-content\/uploads\/2024\/08\/cropped-Adsiz-tasarim-2024-08-25T105130.546-100x100.png 100w, https:\/\/baymar.de\/wp-content\/uploads\/2024\/08\/cropped-Adsiz-tasarim-2024-08-25T105130.546-270x270.png 270w, https:\/\/baymar.de\/wp-content\/uploads\/2024\/08\/cropped-Adsiz-tasarim-2024-08-25T105130.546-192x192.png 192w, https:\/\/baymar.de\/wp-content\/uploads\/2024\/08\/cropped-Adsiz-tasarim-2024-08-25T105130.546-180x180.png 180w, https:\/\/baymar.de\/wp-content\/uploads\/2024\/08\/cropped-Adsiz-tasarim-2024-08-25T105130.546-32x32.png 32w\" sizes=\"(max-width: 512px) 100vw, 512px\" \/>\t\t\t\t\t\t\t\t\t\t\t\t\t<\/div>\n\t\t\t\t<\/div>\n\t\t\t\t<\/div>\n\t\t\t\t<\/div>\n\t\t\t\t\t<\/div>\n\t\t\t\t<\/div>\n\t\t\t\t<\/div>","protected":false},"excerpt":{"rendered":"<p>\u00dcBER UNS Baymar Gew\u00fcrze Willkommen bei Baymar Gew\u00fcrze, Ihrem verl\u00e4sslichen Partner im Gew\u00fcrze Gro\u00dfhandel! Seit unserer Gr\u00fcndung im Jahr 2013 stehen wir f\u00fcr die Herstellung und den Vertrieb hochwertiger Gew\u00fcrze, die Ihre K\u00fcche mit einzigartigen Aromen bereichern. Mit unserer breiten Produktpalette und flexiblen Verpackungsl\u00f6sungen \u2013 von 50 Gramm bis 25 Kilogramm \u2013 bieten wir f\u00fcr [&hellip;]<\/p>","protected":false},"author":1,"featured_media":0,"parent":0,"menu_order":0,"comment_status":"closed","ping_status":"closed","template":"elementor_header_footer","meta":{"footnotes":""},"class_list":["post-84","page","type-page","status-publish","hentry"],"yoast_head":"<!-- This site is optimized with the Yoast SEO plugin v24.0 - https:\/\/yoast.com\/wordpress\/plugins\/seo\/ -->\n<title>\u00dcber Uns | Baymar Gew\u00fcrze GmbH<\/title>\n<meta name=\"description\" content=\"Erfahren Sie mehr Baymar Gew\u00fcrze. Ihren Gew\u00fcrz Gro\u00dfh\u00e4ndler und besten Gew\u00fcrze-Hersteller mit Erstklassiger Qualit\u00e4t. Lernen Sie Uns kennen!\" \/>\n<meta name=\"robots\" content=\"index, follow, max-snippet:-1, max-image-preview:large, max-video-preview:-1\" \/>\n<link rel=\"canonical\" href=\"https:\/\/baymar.de\/en\/ueber-uns\/\" \/>\n<meta property=\"og:locale\" content=\"en_US\" \/>\n<meta property=\"og:type\" content=\"article\" \/>\n<meta property=\"og:title\" content=\"\u00dcber Uns | Baymar Gew\u00fcrze GmbH\" \/>\n<meta property=\"og:description\" content=\"Erfahren Sie mehr Baymar Gew\u00fcrze. Ihren Gew\u00fcrz Gro\u00dfh\u00e4ndler und besten Gew\u00fcrze-Hersteller mit Erstklassiger Qualit\u00e4t. Lernen Sie Uns kennen!\" \/>\n<meta property=\"og:url\" content=\"https:\/\/baymar.de\/en\/ueber-uns\/\" \/>\n<meta property=\"og:site_name\" content=\"Baymar Gew\u00fcrze\" \/>\n<meta property=\"article:publisher\" content=\"https:\/\/www.facebook.com\/baymargewuerze\/?locale=de_DE\" \/>\n<meta property=\"article:modified_time\" content=\"2024-11-09T21:46:17+00:00\" \/>\n<meta property=\"og:image\" content=\"http:\/\/baymar.eu\/wp-content\/uploads\/2024\/08\/cropped-Adsiz-tasarim-2024-08-25T105130.546.png\" \/>\n<meta name=\"twitter:card\" content=\"summary_large_image\" \/>\n<meta name=\"twitter:label1\" content=\"Est. reading time\" \/>\n\t<meta name=\"twitter:data1\" content=\"2 minutes\" \/>\n<script type=\"application\/ld+json\" class=\"yoast-schema-graph\">{\"@context\":\"https:\/\/schema.org\",\"@graph\":[{\"@type\":\"WebPage\",\"@id\":\"https:\/\/baymar.de\/ueber-uns\",\"url\":\"https:\/\/baymar.de\/ueber-uns\",\"name\":\"\u00dcber Uns | Baymar Gew\u00fcrze GmbH\",\"isPartOf\":{\"@id\":\"https:\/\/baymar.de\/#website\"},\"primaryImageOfPage\":{\"@id\":\"https:\/\/baymar.de\/ueber-uns#primaryimage\"},\"image\":{\"@id\":\"https:\/\/baymar.de\/ueber-uns#primaryimage\"},\"thumbnailUrl\":\"http:\/\/baymar.eu\/wp-content\/uploads\/2024\/08\/cropped-Adsiz-tasarim-2024-08-25T105130.546.png\",\"datePublished\":\"2024-08-18T07:03:26+00:00\",\"dateModified\":\"2024-11-09T21:46:17+00:00\",\"description\":\"Erfahren Sie mehr Baymar Gew\u00fcrze. Ihren Gew\u00fcrz Gro\u00dfh\u00e4ndler und besten Gew\u00fcrze-Hersteller mit Erstklassiger Qualit\u00e4t. Lernen Sie Uns kennen!\",\"breadcrumb\":{\"@id\":\"https:\/\/baymar.de\/ueber-uns#breadcrumb\"},\"inLanguage\":\"en-US\",\"potentialAction\":[{\"@type\":\"ReadAction\",\"target\":[\"https:\/\/baymar.de\/ueber-uns\"]}]},{\"@type\":\"ImageObject\",\"inLanguage\":\"en-US\",\"@id\":\"https:\/\/baymar.de\/ueber-uns#primaryimage\",\"url\":\"http:\/\/baymar.eu\/wp-content\/uploads\/2024\/08\/cropped-Adsiz-tasarim-2024-08-25T105130.546.png\",\"contentUrl\":\"http:\/\/baymar.eu\/wp-content\/uploads\/2024\/08\/cropped-Adsiz-tasarim-2024-08-25T105130.546.png\"},{\"@type\":\"BreadcrumbList\",\"@id\":\"https:\/\/baymar.de\/ueber-uns#breadcrumb\",\"itemListElement\":[{\"@type\":\"ListItem\",\"position\":1,\"name\":\"Startseite\",\"item\":\"https:\/\/baymar.de\/\"},{\"@type\":\"ListItem\",\"position\":2,\"name\":\"\u00dcber Uns\"}]},{\"@type\":\"WebSite\",\"@id\":\"https:\/\/baymar.de\/#website\",\"url\":\"https:\/\/baymar.de\/\",\"name\":\"Baymar Gew\u00fcrze\",\"description\":\"\",\"publisher\":{\"@id\":\"https:\/\/baymar.de\/#organization\"},\"potentialAction\":[{\"@type\":\"SearchAction\",\"target\":{\"@type\":\"EntryPoint\",\"urlTemplate\":\"https:\/\/baymar.de\/?s={search_term_string}\"},\"query-input\":{\"@type\":\"PropertyValueSpecification\",\"valueRequired\":true,\"valueName\":\"search_term_string\"}}],\"inLanguage\":\"en-US\"},{\"@type\":\"Organization\",\"@id\":\"https:\/\/baymar.de\/#organization\",\"name\":\"Baymar Gew\u00fcrze GmbH\",\"url\":\"https:\/\/baymar.de\/\",\"logo\":{\"@type\":\"ImageObject\",\"inLanguage\":\"en-US\",\"@id\":\"https:\/\/baymar.de\/#\/schema\/logo\/image\/\",\"url\":\"https:\/\/baymar.de\/wp-content\/uploads\/2024\/08\/baymar-logo.png\",\"contentUrl\":\"https:\/\/baymar.de\/wp-content\/uploads\/2024\/08\/baymar-logo.png\",\"width\":300,\"height\":208,\"caption\":\"Baymar Gew\u00fcrze GmbH\"},\"image\":{\"@id\":\"https:\/\/baymar.de\/#\/schema\/logo\/image\/\"},\"sameAs\":[\"https:\/\/www.facebook.com\/baymargewuerze\/?locale=de_DE\",\"https:\/\/www.instagram.com\/baymar_gewuerze\/\"]}]}<\/script>\n<!-- \/ Yoast SEO plugin. -->","yoast_head_json":{"title":"\u00dcber Uns | Baymar Gew\u00fcrze GmbH","description":"Erfahren Sie mehr Baymar Gew\u00fcrze. Ihren Gew\u00fcrz Gro\u00dfh\u00e4ndler und besten Gew\u00fcrze-Hersteller mit Erstklassiger Qualit\u00e4t. Lernen Sie Uns kennen!","robots":{"index":"index","follow":"follow","max-snippet":"max-snippet:-1","max-image-preview":"max-image-preview:large","max-video-preview":"max-video-preview:-1"},"canonical":"https:\/\/baymar.de\/en\/ueber-uns\/","og_locale":"en_US","og_type":"article","og_title":"\u00dcber Uns | Baymar Gew\u00fcrze GmbH","og_description":"Erfahren Sie mehr Baymar Gew\u00fcrze. Ihren Gew\u00fcrz Gro\u00dfh\u00e4ndler und besten Gew\u00fcrze-Hersteller mit Erstklassiger Qualit\u00e4t. Lernen Sie Uns kennen!","og_url":"https:\/\/baymar.de\/en\/ueber-uns\/","og_site_name":"Baymar Gew\u00fcrze","article_publisher":"https:\/\/www.facebook.com\/baymargewuerze\/?locale=de_DE","article_modified_time":"2024-11-09T21:46:17+00:00","og_image":[{"url":"http:\/\/baymar.eu\/wp-content\/uploads\/2024\/08\/cropped-Adsiz-tasarim-2024-08-25T105130.546.png","type":"","width":"","height":""}],"twitter_card":"summary_large_image","twitter_misc":{"Est. reading time":"2 minutes"},"schema":{"@context":"https:\/\/schema.org","@graph":[{"@type":"WebPage","@id":"https:\/\/baymar.de\/ueber-uns","url":"https:\/\/baymar.de\/ueber-uns","name":"\u00dcber Uns | Baymar Gew\u00fcrze GmbH","isPartOf":{"@id":"https:\/\/baymar.de\/#website"},"primaryImageOfPage":{"@id":"https:\/\/baymar.de\/ueber-uns#primaryimage"},"image":{"@id":"https:\/\/baymar.de\/ueber-uns#primaryimage"},"thumbnailUrl":"http:\/\/baymar.eu\/wp-content\/uploads\/2024\/08\/cropped-Adsiz-tasarim-2024-08-25T105130.546.png","datePublished":"2024-08-18T07:03:26+00:00","dateModified":"2024-11-09T21:46:17+00:00","description":"Erfahren Sie mehr Baymar Gew\u00fcrze. Ihren Gew\u00fcrz Gro\u00dfh\u00e4ndler und besten Gew\u00fcrze-Hersteller mit Erstklassiger Qualit\u00e4t. Lernen Sie Uns kennen!","breadcrumb":{"@id":"https:\/\/baymar.de\/ueber-uns#breadcrumb"},"inLanguage":"en-US","potentialAction":[{"@type":"ReadAction","target":["https:\/\/baymar.de\/ueber-uns"]}]},{"@type":"ImageObject","inLanguage":"en-US","@id":"https:\/\/baymar.de\/ueber-uns#primaryimage","url":"http:\/\/baymar.eu\/wp-content\/uploads\/2024\/08\/cropped-Adsiz-tasarim-2024-08-25T105130.546.png","contentUrl":"http:\/\/baymar.eu\/wp-content\/uploads\/2024\/08\/cropped-Adsiz-tasarim-2024-08-25T105130.546.png"},{"@type":"BreadcrumbList","@id":"https:\/\/baymar.de\/ueber-uns#breadcrumb","itemListElement":[{"@type":"ListItem","position":1,"name":"Startseite","item":"https:\/\/baymar.de\/"},{"@type":"ListItem","position":2,"name":"\u00dcber Uns"}]},{"@type":"WebSite","@id":"https:\/\/baymar.de\/#website","url":"https:\/\/baymar.de\/","name":"Baymar Gew\u00fcrze","description":"","publisher":{"@id":"https:\/\/baymar.de\/#organization"},"potentialAction":[{"@type":"SearchAction","target":{"@type":"EntryPoint","urlTemplate":"https:\/\/baymar.de\/?s={search_term_string}"},"query-input":{"@type":"PropertyValueSpecification","valueRequired":true,"valueName":"search_term_string"}}],"inLanguage":"en-US"},{"@type":"Organization","@id":"https:\/\/baymar.de\/#organization","name":"Baymar Gew\u00fcrze GmbH","url":"https:\/\/baymar.de\/","logo":{"@type":"ImageObject","inLanguage":"en-US","@id":"https:\/\/baymar.de\/#\/schema\/logo\/image\/","url":"https:\/\/baymar.de\/wp-content\/uploads\/2024\/08\/baymar-logo.png","contentUrl":"https:\/\/baymar.de\/wp-content\/uploads\/2024\/08\/baymar-logo.png","width":300,"height":208,"caption":"Baymar Gew\u00fcrze GmbH"},"image":{"@id":"https:\/\/baymar.de\/#\/schema\/logo\/image\/"},"sameAs":["https:\/\/www.facebook.com\/baymargewuerze\/?locale=de_DE","https:\/\/www.instagram.com\/baymar_gewuerze\/"]}]}},"_links":{"self":[{"href":"https:\/\/baymar.de\/en\/wp-json\/wp\/v2\/pages\/84","targetHints":{"allow":["GET"]}}],"collection":[{"href":"https:\/\/baymar.de\/en\/wp-json\/wp\/v2\/pages"}],"about":[{"href":"https:\/\/baymar.de\/en\/wp-json\/wp\/v2\/types\/page"}],"author":[{"embeddable":true,"href":"https:\/\/baymar.de\/en\/wp-json\/wp\/v2\/users\/1"}],"replies":[{"embeddable":true,"href":"https:\/\/baymar.de\/en\/wp-json\/wp\/v2\/comments?post=84"}],"version-history":[{"count":16,"href":"https:\/\/baymar.de\/en\/wp-json\/wp\/v2\/pages\/84\/revisions"}],"predecessor-version":[{"id":655,"href":"https:\/\/baymar.de\/en\/wp-json\/wp\/v2\/pages\/84\/revisions\/655"}],"wp:attachment":[{"href":"https:\/\/baymar.de\/en\/wp-json\/wp\/v2\/media?parent=84"}],"curies":[{"name":"wp","href":"https:\/\/api.w.org\/{rel}","templated":true}]}}