{"id":223,"date":"2024-08-20T07:41:12","date_gmt":"2024-08-20T07:41:12","guid":{"rendered":"http:\/\/baymar.eu\/?page_id=223"},"modified":"2024-11-09T21:29:59","modified_gmt":"2024-11-09T21:29:59","slug":"produktion","status":"publish","type":"page","link":"https:\/\/baymar.de\/en\/produktion","title":{"rendered":"Production"},"content":{"rendered":"<div data-elementor-type=\"wp-page\" data-elementor-id=\"223\" class=\"elementor elementor-223\" data-elementor-post-type=\"page\">\n\t\t\t\t<div class=\"elementor-element elementor-element-96a61a8 e-flex e-con-boxed e-con e-parent\" data-id=\"96a61a8\" data-element_type=\"container\" data-settings=\"{&quot;background_background&quot;:&quot;classic&quot;}\">\n\t\t\t\t\t<div class=\"e-con-inner\">\n\t\t<div class=\"elementor-element elementor-element-5bb4f31 e-con-full e-flex e-con e-child\" data-id=\"5bb4f31\" data-element_type=\"container\">\n\t\t\t\t<div class=\"elementor-element elementor-element-249423d animated-slow elementor-invisible elementor-widget elementor-widget-heading\" data-id=\"249423d\" data-element_type=\"widget\" data-settings=\"{&quot;_animation_delay&quot;:200,&quot;_animation&quot;:&quot;slideInUp&quot;}\" data-widget_type=\"heading.default\">\n\t\t\t\t<div class=\"elementor-widget-container\">\n\t\t\t<h2 class=\"elementor-heading-title elementor-size-default\">PRODUKTION<\/h2>\t\t<\/div>\n\t\t\t\t<\/div>\n\t\t\t\t<\/div>\n\t\t\t\t\t<\/div>\n\t\t\t\t<\/div>\n\t\t<div class=\"elementor-element elementor-element-e24c69d e-flex e-con-boxed e-con e-parent\" data-id=\"e24c69d\" data-element_type=\"container\">\n\t\t\t\t\t<div class=\"e-con-inner\">\n\t\t<div class=\"elementor-element elementor-element-9327b5a e-con-full e-flex e-con e-child\" data-id=\"9327b5a\" data-element_type=\"container\">\n\t\t\t\t<\/div>\n\t\t<div class=\"elementor-element elementor-element-bab8479 e-con-full e-flex e-con e-child\" data-id=\"bab8479\" data-element_type=\"container\">\n\t\t\t\t<div class=\"elementor-element elementor-element-11cec385 elementor-widget elementor-widget-image\" data-id=\"11cec385\" data-element_type=\"widget\" data-widget_type=\"image.default\">\n\t\t\t\t<div class=\"elementor-widget-container\">\n\t\t\t\t\t\t\t\t\t\t\t\t\t<img fetchpriority=\"high\" decoding=\"async\" width=\"649\" height=\"646\" src=\"https:\/\/baymar.de\/wp-content\/uploads\/2024\/08\/Luxury-Circle-Gold-Badge-Golden-Seal-Stamp.png\" class=\"attachment-large size-large wp-image-103\" alt=\"\" srcset=\"https:\/\/baymar.de\/wp-content\/uploads\/2024\/08\/Luxury-Circle-Gold-Badge-Golden-Seal-Stamp.png 649w, https:\/\/baymar.de\/wp-content\/uploads\/2024\/08\/Luxury-Circle-Gold-Badge-Golden-Seal-Stamp-300x300.png 300w, https:\/\/baymar.de\/wp-content\/uploads\/2024\/08\/Luxury-Circle-Gold-Badge-Golden-Seal-Stamp-100x100.png 100w, https:\/\/baymar.de\/wp-content\/uploads\/2024\/08\/Luxury-Circle-Gold-Badge-Golden-Seal-Stamp-600x597.png 600w, https:\/\/baymar.de\/wp-content\/uploads\/2024\/08\/Luxury-Circle-Gold-Badge-Golden-Seal-Stamp-150x150.png 150w\" sizes=\"(max-width: 649px) 100vw, 649px\" \/>\t\t\t\t\t\t\t\t\t\t\t\t\t<\/div>\n\t\t\t\t<\/div>\n\t\t\t\t<div class=\"elementor-element elementor-element-11d7fa52 elementor-widget elementor-widget-heading\" data-id=\"11d7fa52\" data-element_type=\"widget\" data-widget_type=\"heading.default\">\n\t\t\t\t<div class=\"elementor-widget-container\">\n\t\t\t<h2 class=\"elementor-heading-title elementor-size-default\"><a href=\"#\/\">Dienstleistungen <\/a><\/h2>\t\t<\/div>\n\t\t\t\t<\/div>\n\t\t\t\t<\/div>\n\t\t<div class=\"elementor-element elementor-element-293f440 e-con-full e-flex e-con e-child\" data-id=\"293f440\" data-element_type=\"container\">\n\t\t\t\t<div class=\"elementor-element elementor-element-2df33cd2 elementor-widget elementor-widget-image\" data-id=\"2df33cd2\" data-element_type=\"widget\" data-widget_type=\"image.default\">\n\t\t\t\t<div class=\"elementor-widget-container\">\n\t\t\t\t\t\t\t\t\t\t\t\t\t<img decoding=\"async\" width=\"649\" height=\"646\" src=\"https:\/\/baymar.de\/wp-content\/uploads\/2024\/08\/2-Luxury-Circle-Gold-Badge-Golden-Seal-Stamp.png\" class=\"attachment-large size-large wp-image-104\" alt=\"\" srcset=\"https:\/\/baymar.de\/wp-content\/uploads\/2024\/08\/2-Luxury-Circle-Gold-Badge-Golden-Seal-Stamp.png 649w, https:\/\/baymar.de\/wp-content\/uploads\/2024\/08\/2-Luxury-Circle-Gold-Badge-Golden-Seal-Stamp-300x300.png 300w, https:\/\/baymar.de\/wp-content\/uploads\/2024\/08\/2-Luxury-Circle-Gold-Badge-Golden-Seal-Stamp-100x100.png 100w, https:\/\/baymar.de\/wp-content\/uploads\/2024\/08\/2-Luxury-Circle-Gold-Badge-Golden-Seal-Stamp-600x597.png 600w, https:\/\/baymar.de\/wp-content\/uploads\/2024\/08\/2-Luxury-Circle-Gold-Badge-Golden-Seal-Stamp-150x150.png 150w\" sizes=\"(max-width: 649px) 100vw, 649px\" \/>\t\t\t\t\t\t\t\t\t\t\t\t\t<\/div>\n\t\t\t\t<\/div>\n\t\t\t\t<div class=\"elementor-element elementor-element-4a6cab7a elementor-widget elementor-widget-heading\" data-id=\"4a6cab7a\" data-element_type=\"widget\" data-widget_type=\"heading.default\">\n\t\t\t\t<div class=\"elementor-widget-container\">\n\t\t\t<h2 class=\"elementor-heading-title elementor-size-default\"><a href=\"#\/\">Verpackungen<\/a><\/h2>\t\t<\/div>\n\t\t\t\t<\/div>\n\t\t\t\t<\/div>\n\t\t<div class=\"elementor-element elementor-element-ca7c74b e-con-full e-flex e-con e-child\" data-id=\"ca7c74b\" data-element_type=\"container\">\n\t\t\t\t<\/div>\n\t\t\t\t\t<\/div>\n\t\t\t\t<\/div>\n\t\t\t\t<\/div>","protected":false},"excerpt":{"rendered":"<p>PRODUKTION Dienstleistungen Verpackungen<\/p>","protected":false},"author":1,"featured_media":0,"parent":0,"menu_order":0,"comment_status":"closed","ping_status":"closed","template":"","meta":{"footnotes":""},"class_list":["post-223","page","type-page","status-publish","hentry"],"yoast_head":"<!-- This site is optimized with the Yoast SEO plugin v24.0 - https:\/\/yoast.com\/wordpress\/plugins\/seo\/ -->\n<title>Produktion | Baymar Gew\u00fcrze \u2013 Qualit\u00e4t und Sorgfalt bei der Herstellung<\/title>\n<meta name=\"description\" content=\"Erfahren Sie mehr \u00fcber die sorgf\u00e4ltige Produktion von Baymar Gew\u00fcrzen. Unsere hochwertigen Gew\u00fcrze werden mit h\u00f6chsten Standards hergestellt.\" \/>\n<meta name=\"robots\" content=\"index, follow, max-snippet:-1, max-image-preview:large, max-video-preview:-1\" \/>\n<link rel=\"canonical\" href=\"https:\/\/baymar.de\/en\/produktion\/\" \/>\n<meta property=\"og:locale\" content=\"en_US\" \/>\n<meta property=\"og:type\" content=\"article\" \/>\n<meta property=\"og:title\" content=\"Produktion | Baymar Gew\u00fcrze \u2013 Qualit\u00e4t und Sorgfalt bei der Herstellung\" \/>\n<meta property=\"og:description\" content=\"Erfahren Sie mehr \u00fcber die sorgf\u00e4ltige Produktion von Baymar Gew\u00fcrzen. Unsere hochwertigen Gew\u00fcrze werden mit h\u00f6chsten Standards hergestellt.\" \/>\n<meta property=\"og:url\" content=\"https:\/\/baymar.de\/en\/produktion\/\" \/>\n<meta property=\"og:site_name\" content=\"Baymar Gew\u00fcrze\" \/>\n<meta property=\"article:publisher\" content=\"https:\/\/www.facebook.com\/baymargewuerze\/?locale=de_DE\" \/>\n<meta property=\"article:modified_time\" content=\"2024-11-09T21:29:59+00:00\" \/>\n<meta property=\"og:image\" content=\"http:\/\/baymar.eu\/wp-content\/uploads\/2024\/08\/Luxury-Circle-Gold-Badge-Golden-Seal-Stamp.png\" \/>\n<meta name=\"twitter:card\" content=\"summary_large_image\" \/>\n<meta name=\"twitter:label1\" content=\"Est. reading time\" \/>\n\t<meta name=\"twitter:data1\" content=\"1 minute\" \/>\n<script type=\"application\/ld+json\" class=\"yoast-schema-graph\">{\"@context\":\"https:\/\/schema.org\",\"@graph\":[{\"@type\":\"WebPage\",\"@id\":\"https:\/\/baymar.de\/produktion\",\"url\":\"https:\/\/baymar.de\/produktion\",\"name\":\"Produktion | Baymar Gew\u00fcrze \u2013 Qualit\u00e4t und Sorgfalt bei der Herstellung\",\"isPartOf\":{\"@id\":\"https:\/\/baymar.de\/#website\"},\"primaryImageOfPage\":{\"@id\":\"https:\/\/baymar.de\/produktion#primaryimage\"},\"image\":{\"@id\":\"https:\/\/baymar.de\/produktion#primaryimage\"},\"thumbnailUrl\":\"http:\/\/baymar.eu\/wp-content\/uploads\/2024\/08\/Luxury-Circle-Gold-Badge-Golden-Seal-Stamp.png\",\"datePublished\":\"2024-08-20T07:41:12+00:00\",\"dateModified\":\"2024-11-09T21:29:59+00:00\",\"description\":\"Erfahren Sie mehr \u00fcber die sorgf\u00e4ltige Produktion von Baymar Gew\u00fcrzen. Unsere hochwertigen Gew\u00fcrze werden mit h\u00f6chsten Standards hergestellt.\",\"breadcrumb\":{\"@id\":\"https:\/\/baymar.de\/produktion#breadcrumb\"},\"inLanguage\":\"en-US\",\"potentialAction\":[{\"@type\":\"ReadAction\",\"target\":[\"https:\/\/baymar.de\/produktion\"]}]},{\"@type\":\"ImageObject\",\"inLanguage\":\"en-US\",\"@id\":\"https:\/\/baymar.de\/produktion#primaryimage\",\"url\":\"http:\/\/baymar.eu\/wp-content\/uploads\/2024\/08\/Luxury-Circle-Gold-Badge-Golden-Seal-Stamp.png\",\"contentUrl\":\"http:\/\/baymar.eu\/wp-content\/uploads\/2024\/08\/Luxury-Circle-Gold-Badge-Golden-Seal-Stamp.png\"},{\"@type\":\"BreadcrumbList\",\"@id\":\"https:\/\/baymar.de\/produktion#breadcrumb\",\"itemListElement\":[{\"@type\":\"ListItem\",\"position\":1,\"name\":\"Startseite\",\"item\":\"https:\/\/baymar.de\/\"},{\"@type\":\"ListItem\",\"position\":2,\"name\":\"Produktion\"}]},{\"@type\":\"WebSite\",\"@id\":\"https:\/\/baymar.de\/#website\",\"url\":\"https:\/\/baymar.de\/\",\"name\":\"Baymar Gew\u00fcrze\",\"description\":\"\",\"publisher\":{\"@id\":\"https:\/\/baymar.de\/#organization\"},\"potentialAction\":[{\"@type\":\"SearchAction\",\"target\":{\"@type\":\"EntryPoint\",\"urlTemplate\":\"https:\/\/baymar.de\/?s={search_term_string}\"},\"query-input\":{\"@type\":\"PropertyValueSpecification\",\"valueRequired\":true,\"valueName\":\"search_term_string\"}}],\"inLanguage\":\"en-US\"},{\"@type\":\"Organization\",\"@id\":\"https:\/\/baymar.de\/#organization\",\"name\":\"Baymar Gew\u00fcrze GmbH\",\"url\":\"https:\/\/baymar.de\/\",\"logo\":{\"@type\":\"ImageObject\",\"inLanguage\":\"en-US\",\"@id\":\"https:\/\/baymar.de\/#\/schema\/logo\/image\/\",\"url\":\"https:\/\/baymar.de\/wp-content\/uploads\/2024\/08\/baymar-logo.png\",\"contentUrl\":\"https:\/\/baymar.de\/wp-content\/uploads\/2024\/08\/baymar-logo.png\",\"width\":300,\"height\":208,\"caption\":\"Baymar Gew\u00fcrze GmbH\"},\"image\":{\"@id\":\"https:\/\/baymar.de\/#\/schema\/logo\/image\/\"},\"sameAs\":[\"https:\/\/www.facebook.com\/baymargewuerze\/?locale=de_DE\",\"https:\/\/www.instagram.com\/baymar_gewuerze\/\"]}]}<\/script>\n<!-- \/ Yoast SEO plugin. -->","yoast_head_json":{"title":"Produktion | Baymar Gew\u00fcrze \u2013 Qualit\u00e4t und Sorgfalt bei der Herstellung","description":"Erfahren Sie mehr \u00fcber die sorgf\u00e4ltige Produktion von Baymar Gew\u00fcrzen. Unsere hochwertigen Gew\u00fcrze werden mit h\u00f6chsten Standards hergestellt.","robots":{"index":"index","follow":"follow","max-snippet":"max-snippet:-1","max-image-preview":"max-image-preview:large","max-video-preview":"max-video-preview:-1"},"canonical":"https:\/\/baymar.de\/en\/produktion\/","og_locale":"en_US","og_type":"article","og_title":"Produktion | Baymar Gew\u00fcrze \u2013 Qualit\u00e4t und Sorgfalt bei der Herstellung","og_description":"Erfahren Sie mehr \u00fcber die sorgf\u00e4ltige Produktion von Baymar Gew\u00fcrzen. Unsere hochwertigen Gew\u00fcrze werden mit h\u00f6chsten Standards hergestellt.","og_url":"https:\/\/baymar.de\/en\/produktion\/","og_site_name":"Baymar Gew\u00fcrze","article_publisher":"https:\/\/www.facebook.com\/baymargewuerze\/?locale=de_DE","article_modified_time":"2024-11-09T21:29:59+00:00","og_image":[{"url":"http:\/\/baymar.eu\/wp-content\/uploads\/2024\/08\/Luxury-Circle-Gold-Badge-Golden-Seal-Stamp.png","type":"","width":"","height":""}],"twitter_card":"summary_large_image","twitter_misc":{"Est. reading time":"1 minute"},"schema":{"@context":"https:\/\/schema.org","@graph":[{"@type":"WebPage","@id":"https:\/\/baymar.de\/produktion","url":"https:\/\/baymar.de\/produktion","name":"Produktion | Baymar Gew\u00fcrze \u2013 Qualit\u00e4t und Sorgfalt bei der Herstellung","isPartOf":{"@id":"https:\/\/baymar.de\/#website"},"primaryImageOfPage":{"@id":"https:\/\/baymar.de\/produktion#primaryimage"},"image":{"@id":"https:\/\/baymar.de\/produktion#primaryimage"},"thumbnailUrl":"http:\/\/baymar.eu\/wp-content\/uploads\/2024\/08\/Luxury-Circle-Gold-Badge-Golden-Seal-Stamp.png","datePublished":"2024-08-20T07:41:12+00:00","dateModified":"2024-11-09T21:29:59+00:00","description":"Erfahren Sie mehr \u00fcber die sorgf\u00e4ltige Produktion von Baymar Gew\u00fcrzen. Unsere hochwertigen Gew\u00fcrze werden mit h\u00f6chsten Standards hergestellt.","breadcrumb":{"@id":"https:\/\/baymar.de\/produktion#breadcrumb"},"inLanguage":"en-US","potentialAction":[{"@type":"ReadAction","target":["https:\/\/baymar.de\/produktion"]}]},{"@type":"ImageObject","inLanguage":"en-US","@id":"https:\/\/baymar.de\/produktion#primaryimage","url":"http:\/\/baymar.eu\/wp-content\/uploads\/2024\/08\/Luxury-Circle-Gold-Badge-Golden-Seal-Stamp.png","contentUrl":"http:\/\/baymar.eu\/wp-content\/uploads\/2024\/08\/Luxury-Circle-Gold-Badge-Golden-Seal-Stamp.png"},{"@type":"BreadcrumbList","@id":"https:\/\/baymar.de\/produktion#breadcrumb","itemListElement":[{"@type":"ListItem","position":1,"name":"Startseite","item":"https:\/\/baymar.de\/"},{"@type":"ListItem","position":2,"name":"Produktion"}]},{"@type":"WebSite","@id":"https:\/\/baymar.de\/#website","url":"https:\/\/baymar.de\/","name":"Baymar Gew\u00fcrze","description":"","publisher":{"@id":"https:\/\/baymar.de\/#organization"},"potentialAction":[{"@type":"SearchAction","target":{"@type":"EntryPoint","urlTemplate":"https:\/\/baymar.de\/?s={search_term_string}"},"query-input":{"@type":"PropertyValueSpecification","valueRequired":true,"valueName":"search_term_string"}}],"inLanguage":"en-US"},{"@type":"Organization","@id":"https:\/\/baymar.de\/#organization","name":"Baymar Gew\u00fcrze GmbH","url":"https:\/\/baymar.de\/","logo":{"@type":"ImageObject","inLanguage":"en-US","@id":"https:\/\/baymar.de\/#\/schema\/logo\/image\/","url":"https:\/\/baymar.de\/wp-content\/uploads\/2024\/08\/baymar-logo.png","contentUrl":"https:\/\/baymar.de\/wp-content\/uploads\/2024\/08\/baymar-logo.png","width":300,"height":208,"caption":"Baymar Gew\u00fcrze GmbH"},"image":{"@id":"https:\/\/baymar.de\/#\/schema\/logo\/image\/"},"sameAs":["https:\/\/www.facebook.com\/baymargewuerze\/?locale=de_DE","https:\/\/www.instagram.com\/baymar_gewuerze\/"]}]}},"_links":{"self":[{"href":"https:\/\/baymar.de\/en\/wp-json\/wp\/v2\/pages\/223","targetHints":{"allow":["GET"]}}],"collection":[{"href":"https:\/\/baymar.de\/en\/wp-json\/wp\/v2\/pages"}],"about":[{"href":"https:\/\/baymar.de\/en\/wp-json\/wp\/v2\/types\/page"}],"author":[{"embeddable":true,"href":"https:\/\/baymar.de\/en\/wp-json\/wp\/v2\/users\/1"}],"replies":[{"embeddable":true,"href":"https:\/\/baymar.de\/en\/wp-json\/wp\/v2\/comments?post=223"}],"version-history":[{"count":5,"href":"https:\/\/baymar.de\/en\/wp-json\/wp\/v2\/pages\/223\/revisions"}],"predecessor-version":[{"id":721,"href":"https:\/\/baymar.de\/en\/wp-json\/wp\/v2\/pages\/223\/revisions\/721"}],"wp:attachment":[{"href":"https:\/\/baymar.de\/en\/wp-json\/wp\/v2\/media?parent=223"}],"curies":[{"name":"wp","href":"https:\/\/api.w.org\/{rel}","templated":true}]}}