{"id":874,"date":"2024-09-13T10:34:24","date_gmt":"2024-09-13T10:34:24","guid":{"rendered":"http:\/\/baymar.eu\/?post_type=product&#038;p=874"},"modified":"2024-09-18T12:39:59","modified_gmt":"2024-09-18T12:39:59","slug":"cumin-ganz","status":"publish","type":"product","link":"https:\/\/baymar.de\/ar\/product\/cumin-ganz","title":{"rendered":"Cumin ganz"},"content":{"rendered":"<div class=\"col-lg-4\">\n<div class=\"prod-d\">\n<h2>Zutaten<\/h2>\n<p>Cumin<\/p>\n<\/div>\n<\/div>\n<div class=\"col-lg-4\">\n<div class=\"prod-l\">\n<h2>N\u00e4hrwerte je 100g<\/h2>\n<table>\n<tbody class=\"energy\">\n<tr>\n<td class=\"xl68\" height=\"20\">Energie:<\/td>\n<td class=\"xl67\">408 kcal \/ 1714 kj<\/td>\n<\/tr>\n<tr>\n<td class=\"xl68\" height=\"20\">Fett:<\/td>\n<td class=\"xl67\">22 g<\/td>\n<\/tr>\n<tr>\n<td class=\"xl68\" height=\"20\">davon ges\u00e4ttigte Fetts\u00e4uren:<\/td>\n<td class=\"xl67\">0,9 g<\/td>\n<\/tr>\n<tr>\n<td class=\"xl68\" height=\"20\">Kohlenhydrate:<\/td>\n<td class=\"xl67\">34 g<\/td>\n<\/tr>\n<tr>\n<td class=\"xl68\" height=\"20\">davon Zucker:<\/td>\n<td class=\"xl67\">6,8 g<\/td>\n<\/tr>\n<tr>\n<td class=\"xl68\" height=\"20\">Eiwei\u00df:<\/td>\n<td class=\"xl67\">18 g<\/td>\n<\/tr>\n<tr>\n<td class=\"xl68\" height=\"20\">Salz:<\/td>\n<td class=\"xl67\">0,2 g<\/td>\n<\/tr>\n<\/tbody>\n<\/table>\n<\/div>\n<\/div>","protected":false},"excerpt":{"rendered":"<div class=\"chatbubble left\" data-v-967dc222=\"\"><span class=\"chatbuble-text\" data-v-967dc222=\"\">Haltbarkeit: 18 Monate<\/p>\n<p>Lagerung: k\u00fchl und trocken, lichtgesch\u00fctzt<\/span><\/div>\n<div data-v-967dc222=\"\"><\/div>","protected":false},"featured_media":876,"template":"","meta":[],"product_cat":[23],"product_tag":[],"class_list":{"0":"post-874","1":"product","2":"type-product","3":"status-publish","4":"has-post-thumbnail","6":"product_cat-gewuerze-und-saaten","8":"first","9":"instock","10":"shipping-taxable","11":"product-type-simple"},"yoast_head":"<!-- This site is optimized with the Yoast SEO plugin v24.0 - https:\/\/yoast.com\/wordpress\/plugins\/seo\/ -->\n<title>Cumin ganz - Baymar Gew\u00fcrze<\/title>\n<meta name=\"robots\" content=\"index, follow, max-snippet:-1, max-image-preview:large, max-video-preview:-1\" \/>\n<link rel=\"canonical\" href=\"https:\/\/baymar.de\/ar\/product\/cumin-ganz\/\" \/>\n<meta property=\"og:locale\" content=\"ar_AR\" \/>\n<meta property=\"og:type\" content=\"article\" \/>\n<meta property=\"og:title\" content=\"Cumin ganz - Baymar Gew\u00fcrze\" \/>\n<meta property=\"og:description\" content=\"Haltbarkeit: 18 Monate  Lagerung: k\u00fchl und trocken, lichtgesch\u00fctzt\" \/>\n<meta property=\"og:url\" content=\"https:\/\/baymar.de\/ar\/product\/cumin-ganz\/\" \/>\n<meta property=\"og:site_name\" content=\"Baymar Gew\u00fcrze\" \/>\n<meta property=\"article:publisher\" content=\"https:\/\/www.facebook.com\/baymargewuerze\/?locale=de_DE\" \/>\n<meta property=\"article:modified_time\" content=\"2024-09-18T12:39:59+00:00\" \/>\n<meta property=\"og:image\" content=\"https:\/\/baymar.de\/wp-content\/uploads\/2024\/09\/20243301152951925222CUMIN20GANZ1.jpg\" \/>\n\t<meta property=\"og:image:width\" content=\"1000\" \/>\n\t<meta property=\"og:image:height\" content=\"1000\" \/>\n\t<meta property=\"og:image:type\" content=\"image\/jpeg\" \/>\n<meta name=\"twitter:card\" content=\"summary_large_image\" \/>\n<script type=\"application\/ld+json\" class=\"yoast-schema-graph\">{\"@context\":\"https:\/\/schema.org\",\"@graph\":[{\"@type\":\"WebPage\",\"@id\":\"https:\/\/baymar.de\/produkt\/cumin-ganz\",\"url\":\"https:\/\/baymar.de\/produkt\/cumin-ganz\",\"name\":\"Cumin ganz - Baymar Gew\u00fcrze\",\"isPartOf\":{\"@id\":\"https:\/\/baymar.de\/#website\"},\"primaryImageOfPage\":{\"@id\":\"https:\/\/baymar.de\/produkt\/cumin-ganz#primaryimage\"},\"image\":{\"@id\":\"https:\/\/baymar.de\/produkt\/cumin-ganz#primaryimage\"},\"thumbnailUrl\":\"https:\/\/baymar.de\/wp-content\/uploads\/2024\/09\/20243301152951925222CUMIN20GANZ1.jpg\",\"datePublished\":\"2024-09-13T10:34:24+00:00\",\"dateModified\":\"2024-09-18T12:39:59+00:00\",\"breadcrumb\":{\"@id\":\"https:\/\/baymar.de\/produkt\/cumin-ganz#breadcrumb\"},\"inLanguage\":\"ar\",\"potentialAction\":[{\"@type\":\"ReadAction\",\"target\":[\"https:\/\/baymar.de\/produkt\/cumin-ganz\"]}]},{\"@type\":\"ImageObject\",\"inLanguage\":\"ar\",\"@id\":\"https:\/\/baymar.de\/produkt\/cumin-ganz#primaryimage\",\"url\":\"https:\/\/baymar.de\/wp-content\/uploads\/2024\/09\/20243301152951925222CUMIN20GANZ1.jpg\",\"contentUrl\":\"https:\/\/baymar.de\/wp-content\/uploads\/2024\/09\/20243301152951925222CUMIN20GANZ1.jpg\",\"width\":1000,\"height\":1000,\"caption\":\"Cumin ganz\"},{\"@type\":\"BreadcrumbList\",\"@id\":\"https:\/\/baymar.de\/produkt\/cumin-ganz#breadcrumb\",\"itemListElement\":[{\"@type\":\"ListItem\",\"position\":1,\"name\":\"Startseite\",\"item\":\"https:\/\/baymar.de\/\"},{\"@type\":\"ListItem\",\"position\":2,\"name\":\"Produkte\",\"item\":\"https:\/\/baymar.de\/produkte-gewuerze-grosspackung-kaufen-baymar-gewuerze\"},{\"@type\":\"ListItem\",\"position\":3,\"name\":\"Cumin ganz\"}]},{\"@type\":\"WebSite\",\"@id\":\"https:\/\/baymar.de\/#website\",\"url\":\"https:\/\/baymar.de\/\",\"name\":\"Baymar Gew\u00fcrze\",\"description\":\"\",\"publisher\":{\"@id\":\"https:\/\/baymar.de\/#organization\"},\"potentialAction\":[{\"@type\":\"SearchAction\",\"target\":{\"@type\":\"EntryPoint\",\"urlTemplate\":\"https:\/\/baymar.de\/?s={search_term_string}\"},\"query-input\":{\"@type\":\"PropertyValueSpecification\",\"valueRequired\":true,\"valueName\":\"search_term_string\"}}],\"inLanguage\":\"ar\"},{\"@type\":\"Organization\",\"@id\":\"https:\/\/baymar.de\/#organization\",\"name\":\"Baymar Gew\u00fcrze GmbH\",\"url\":\"https:\/\/baymar.de\/\",\"logo\":{\"@type\":\"ImageObject\",\"inLanguage\":\"ar\",\"@id\":\"https:\/\/baymar.de\/#\/schema\/logo\/image\/\",\"url\":\"https:\/\/baymar.de\/wp-content\/uploads\/2024\/08\/baymar-logo.png\",\"contentUrl\":\"https:\/\/baymar.de\/wp-content\/uploads\/2024\/08\/baymar-logo.png\",\"width\":300,\"height\":208,\"caption\":\"Baymar Gew\u00fcrze GmbH\"},\"image\":{\"@id\":\"https:\/\/baymar.de\/#\/schema\/logo\/image\/\"},\"sameAs\":[\"https:\/\/www.facebook.com\/baymargewuerze\/?locale=de_DE\",\"https:\/\/www.instagram.com\/baymar_gewuerze\/\"]}]}<\/script>\n<!-- \/ Yoast SEO plugin. -->","yoast_head_json":{"title":"Cumin ganz - Baymar Gew\u00fcrze","robots":{"index":"index","follow":"follow","max-snippet":"max-snippet:-1","max-image-preview":"max-image-preview:large","max-video-preview":"max-video-preview:-1"},"canonical":"https:\/\/baymar.de\/ar\/product\/cumin-ganz\/","og_locale":"ar_AR","og_type":"article","og_title":"Cumin ganz - Baymar Gew\u00fcrze","og_description":"Haltbarkeit: 18 Monate  Lagerung: k\u00fchl und trocken, lichtgesch\u00fctzt","og_url":"https:\/\/baymar.de\/ar\/product\/cumin-ganz\/","og_site_name":"Baymar Gew\u00fcrze","article_publisher":"https:\/\/www.facebook.com\/baymargewuerze\/?locale=de_DE","article_modified_time":"2024-09-18T12:39:59+00:00","og_image":[{"width":1000,"height":1000,"url":"https:\/\/baymar.de\/wp-content\/uploads\/2024\/09\/20243301152951925222CUMIN20GANZ1.jpg","type":"image\/jpeg"}],"twitter_card":"summary_large_image","schema":{"@context":"https:\/\/schema.org","@graph":[{"@type":"WebPage","@id":"https:\/\/baymar.de\/produkt\/cumin-ganz","url":"https:\/\/baymar.de\/produkt\/cumin-ganz","name":"Cumin ganz - Baymar Gew\u00fcrze","isPartOf":{"@id":"https:\/\/baymar.de\/#website"},"primaryImageOfPage":{"@id":"https:\/\/baymar.de\/produkt\/cumin-ganz#primaryimage"},"image":{"@id":"https:\/\/baymar.de\/produkt\/cumin-ganz#primaryimage"},"thumbnailUrl":"https:\/\/baymar.de\/wp-content\/uploads\/2024\/09\/20243301152951925222CUMIN20GANZ1.jpg","datePublished":"2024-09-13T10:34:24+00:00","dateModified":"2024-09-18T12:39:59+00:00","breadcrumb":{"@id":"https:\/\/baymar.de\/produkt\/cumin-ganz#breadcrumb"},"inLanguage":"ar","potentialAction":[{"@type":"ReadAction","target":["https:\/\/baymar.de\/produkt\/cumin-ganz"]}]},{"@type":"ImageObject","inLanguage":"ar","@id":"https:\/\/baymar.de\/produkt\/cumin-ganz#primaryimage","url":"https:\/\/baymar.de\/wp-content\/uploads\/2024\/09\/20243301152951925222CUMIN20GANZ1.jpg","contentUrl":"https:\/\/baymar.de\/wp-content\/uploads\/2024\/09\/20243301152951925222CUMIN20GANZ1.jpg","width":1000,"height":1000,"caption":"Cumin ganz"},{"@type":"BreadcrumbList","@id":"https:\/\/baymar.de\/produkt\/cumin-ganz#breadcrumb","itemListElement":[{"@type":"ListItem","position":1,"name":"Startseite","item":"https:\/\/baymar.de\/"},{"@type":"ListItem","position":2,"name":"Produkte","item":"https:\/\/baymar.de\/produkte-gewuerze-grosspackung-kaufen-baymar-gewuerze"},{"@type":"ListItem","position":3,"name":"Cumin ganz"}]},{"@type":"WebSite","@id":"https:\/\/baymar.de\/#website","url":"https:\/\/baymar.de\/","name":"Baymar Gew\u00fcrze","description":"","publisher":{"@id":"https:\/\/baymar.de\/#organization"},"potentialAction":[{"@type":"SearchAction","target":{"@type":"EntryPoint","urlTemplate":"https:\/\/baymar.de\/?s={search_term_string}"},"query-input":{"@type":"PropertyValueSpecification","valueRequired":true,"valueName":"search_term_string"}}],"inLanguage":"ar"},{"@type":"Organization","@id":"https:\/\/baymar.de\/#organization","name":"Baymar Gew\u00fcrze GmbH","url":"https:\/\/baymar.de\/","logo":{"@type":"ImageObject","inLanguage":"ar","@id":"https:\/\/baymar.de\/#\/schema\/logo\/image\/","url":"https:\/\/baymar.de\/wp-content\/uploads\/2024\/08\/baymar-logo.png","contentUrl":"https:\/\/baymar.de\/wp-content\/uploads\/2024\/08\/baymar-logo.png","width":300,"height":208,"caption":"Baymar Gew\u00fcrze GmbH"},"image":{"@id":"https:\/\/baymar.de\/#\/schema\/logo\/image\/"},"sameAs":["https:\/\/www.facebook.com\/baymargewuerze\/?locale=de_DE","https:\/\/www.instagram.com\/baymar_gewuerze\/"]}]}},"_links":{"self":[{"href":"https:\/\/baymar.de\/ar\/wp-json\/wp\/v2\/product\/874","targetHints":{"allow":["GET"]}}],"collection":[{"href":"https:\/\/baymar.de\/ar\/wp-json\/wp\/v2\/product"}],"about":[{"href":"https:\/\/baymar.de\/ar\/wp-json\/wp\/v2\/types\/product"}],"version-history":[{"count":3,"href":"https:\/\/baymar.de\/ar\/wp-json\/wp\/v2\/product\/874\/revisions"}],"predecessor-version":[{"id":1038,"href":"https:\/\/baymar.de\/ar\/wp-json\/wp\/v2\/product\/874\/revisions\/1038"}],"wp:featuredmedia":[{"embeddable":true,"href":"https:\/\/baymar.de\/ar\/wp-json\/wp\/v2\/media\/876"}],"wp:attachment":[{"href":"https:\/\/baymar.de\/ar\/wp-json\/wp\/v2\/media?parent=874"}],"wp:term":[{"taxonomy":"product_cat","embeddable":true,"href":"https:\/\/baymar.de\/ar\/wp-json\/wp\/v2\/product_cat?post=874"},{"taxonomy":"product_tag","embeddable":true,"href":"https:\/\/baymar.de\/ar\/wp-json\/wp\/v2\/product_tag?post=874"}],"curies":[{"name":"wp","href":"https:\/\/api.w.org\/{rel}","templated":true}]}}